{"id":3873,"date":"2022-02-23T15:06:15","date_gmt":"2022-02-23T15:06:15","guid":{"rendered":"https:\/\/erdelyitanfolyamok.ro\/tunsori-par-lunk-femei\/"},"modified":"2024-11-08T20:02:53","modified_gmt":"2024-11-08T20:02:53","slug":"tunsori-par-lung-femei","status":"publish","type":"page","link":"https:\/\/erdelyitanfolyamok.ro\/ro\/tunsori-par-lung-femei\/","title":{"rendered":"TUNSORI P\u0102R LUNK FEMEI"},"content":{"rendered":"\t\t<div data-elementor-type=\"wp-page\" data-elementor-id=\"3873\" class=\"elementor elementor-3873 elementor-3870\" data-elementor-settings=\"[]\">\n\t\t\t\t\t\t\t<div class=\"elementor-section-wrap\">\n\t\t\t\t\t\t\t<section class=\"elementor-section elementor-top-section elementor-element elementor-element-2e929f77 elementor-section-boxed elementor-section-height-default elementor-section-height-default\" data-id=\"2e929f77\" data-element_type=\"section\" data-settings=\"{&quot;background_background&quot;:&quot;classic&quot;}\">\n\t\t\t\t\t\t\t<div class=\"elementor-background-overlay\"><\/div>\n\t\t\t\t\t\t\t<div class=\"elementor-container elementor-column-gap-default\">\n\t\t\t\t\t<div class=\"elementor-column elementor-col-50 elementor-top-column elementor-element elementor-element-33be2d58\" data-id=\"33be2d58\" data-element_type=\"column\">\n\t\t\t<div class=\"elementor-widget-wrap elementor-element-populated\">\n\t\t\t\t\t\t\t\t<div class=\"elementor-element elementor-element-7d0c5041 elementor-widget elementor-widget-heading\" data-id=\"7d0c5041\" data-element_type=\"widget\" data-settings=\"{&quot;_animation&quot;:&quot;none&quot;,&quot;_animation_delay&quot;:100,&quot;_animation_mobile&quot;:&quot;none&quot;}\" data-widget_type=\"heading.default\">\n\t\t\t\t<div class=\"elementor-widget-container\">\n\t\t\t<h1 class=\"elementor-heading-title elementor-size-medium\"><b>tunsoare p\u0103r lung <\/b> \/1zi<\/h1>\t\t<\/div>\n\t\t\t\t<\/div>\n\t\t\t\t\t<\/div>\n\t\t<\/div>\n\t\t\t\t<div class=\"elementor-column elementor-col-50 elementor-top-column elementor-element elementor-element-10125f6a\" data-id=\"10125f6a\" data-element_type=\"column\">\n\t\t\t<div class=\"elementor-widget-wrap elementor-element-populated\">\n\t\t\t\t\t\t\t\t<section class=\"elementor-section elementor-inner-section elementor-element elementor-element-7e1feb51 elementor-section-boxed elementor-section-height-default elementor-section-height-default\" data-id=\"7e1feb51\" data-element_type=\"section\">\n\t\t\t\t\t\t<div class=\"elementor-container elementor-column-gap-default\">\n\t\t\t\t\t<div class=\"elementor-column elementor-col-50 elementor-inner-column elementor-element elementor-element-33850e58\" data-id=\"33850e58\" data-element_type=\"column\">\n\t\t\t<div class=\"elementor-widget-wrap elementor-element-populated\">\n\t\t\t\t\t\t\t\t\t<\/div>\n\t\t<\/div>\n\t\t\t\t<div class=\"elementor-column elementor-col-50 elementor-inner-column elementor-element elementor-element-235e0d3c\" data-id=\"235e0d3c\" data-element_type=\"column\">\n\t\t\t<div class=\"elementor-widget-wrap elementor-element-populated\">\n\t\t\t\t\t\t\t\t<div class=\"elementor-element elementor-element-1af8f7b0 elementor-widget elementor-widget-heading\" data-id=\"1af8f7b0\" data-element_type=\"widget\" data-widget_type=\"heading.default\">\n\t\t\t\t<div class=\"elementor-widget-container\">\n\t\t\t<h1 class=\"elementor-heading-title elementor-size-default\">650 LEI<\/h1>\t\t<\/div>\n\t\t\t\t<\/div>\n\t\t\t\t\t<\/div>\n\t\t<\/div>\n\t\t\t\t\t\t\t<\/div>\n\t\t<\/section>\n\t\t\t\t\t<\/div>\n\t\t<\/div>\n\t\t\t\t\t\t\t<\/div>\n\t\t<\/section>\n\t\t\t\t<section class=\"elementor-section elementor-top-section elementor-element elementor-element-44e54df5 elementor-section-boxed elementor-section-height-default elementor-section-height-default\" data-id=\"44e54df5\" data-element_type=\"section\" data-settings=\"{&quot;background_background&quot;:&quot;classic&quot;}\">\n\t\t\t\t\t\t<div class=\"elementor-container elementor-column-gap-default\">\n\t\t\t\t\t<div class=\"elementor-column elementor-col-100 elementor-top-column elementor-element elementor-element-49c1c822\" data-id=\"49c1c822\" data-element_type=\"column\">\n\t\t\t<div class=\"elementor-widget-wrap elementor-element-populated\">\n\t\t\t\t\t\t\t\t<div class=\"elementor-element elementor-element-510ff847 elementor-widget elementor-widget-text-editor\" data-id=\"510ff847\" data-element_type=\"widget\" data-widget_type=\"text-editor.default\">\n\t\t\t\t<div class=\"elementor-widget-container\">\n\t\t\t\t\t\t\t<p><span style=\"text-decoration: underline; font-size: 14pt; color: #b1944f;\">ORA\u0218E:<\/span><\/p>\n<p><br><\/p>\n<p><br><\/p>\t\t\t\t\t\t<\/div>\n\t\t\t\t<\/div>\n\t\t\t\t<section class=\"elementor-section elementor-inner-section elementor-element elementor-element-77dd65e6 elementor-section-boxed elementor-section-height-default elementor-section-height-default\" data-id=\"77dd65e6\" data-element_type=\"section\">\n\t\t\t\t\t\t<div class=\"elementor-container elementor-column-gap-default\">\n\t\t\t\t\t<div class=\"elementor-column elementor-col-50 elementor-inner-column elementor-element elementor-element-49bfc3c7\" data-id=\"49bfc3c7\" data-element_type=\"column\" data-settings=\"{&quot;background_background&quot;:&quot;classic&quot;}\">\n\t\t\t<div class=\"elementor-widget-wrap elementor-element-populated\">\n\t\t\t\t\t\t\t\t<div class=\"elementor-element elementor-element-6d4ed08 elementor-widget elementor-widget-text-editor\" data-id=\"6d4ed08\" data-element_type=\"widget\" data-widget_type=\"text-editor.default\">\n\t\t\t\t<div class=\"elementor-widget-container\">\n\t\t\t\t\t\t\t<p><span style=\"text-decoration: underline; font-size: 19px; color: #b1944f;\">OBIECTIVELE CURSULUI:<\/span><\/p>\t\t\t\t\t\t<\/div>\n\t\t\t\t<\/div>\n\t\t\t\t\t<\/div>\n\t\t<\/div>\n\t\t\t\t<div class=\"elementor-column elementor-col-50 elementor-inner-column elementor-element elementor-element-798cb8e5\" data-id=\"798cb8e5\" data-element_type=\"column\" data-settings=\"{&quot;background_background&quot;:&quot;classic&quot;}\">\n\t\t\t<div class=\"elementor-widget-wrap elementor-element-populated\">\n\t\t\t\t\t\t\t\t<div class=\"elementor-element elementor-element-775fbfd5 elementor-invisible elementor-widget elementor-widget-text-editor\" data-id=\"775fbfd5\" data-element_type=\"widget\" data-settings=\"{&quot;_animation&quot;:&quot;fadeIn&quot;}\" data-widget_type=\"text-editor.default\">\n\t\t\t\t<div class=\"elementor-widget-container\">\n\t\t\t\t\t\t\t<ul style=\"font-size: 15px; font-style: normal; font-weight: 400;\"><li style=\"font-size: 15px; list-style-type: none;\"><br \/><ul style=\"font-size: 15px;\"><li style=\"font-size: 15px;\"><p><span style=\"text-decoration: underline; font-size: 19px; color: #b1944f;\">DOCUMENTE NECESARE PENTRU \u00ceNSCRIERE:<\/span><\/p><ul><li style=\"list-style-type: none;\"><br \/><ul><li>Copie dup\u0103 Carte de Identitate<\/li><li>Copie dup\u0103 certificatul de na\u0219tere \u0219i de c\u0103s\u0103torie, dup\u0103 caz<\/li><li>Copie dup\u0103 ultima diploma de studii \u2013 sau foaie matricol\u0103 ( XII clase, pentru ob\u021binerea certificatului de absolvire )<\/li><li>Adeverinta medical\u0103 \u2013 apt pentru curs<\/li><\/ul><\/li><\/ul><\/li><\/ul><\/li><\/ul><div><p style=\"font-size: 15px; font-style: normal; font-weight: 400; color: #ecdb94; background-color: #020201;\"><span style=\"color: #b1944f;\">+ 100 lei tax\u0103 de \u00eenscriere<\/span><\/p><p style=\"font-size: 15px; font-style: normal; font-weight: 400; background-color: #020201; color: #b1944f;\">\u00a0 \u00a0 \u00a0 \u00a0 \u00a0 \u00a0 \u00a0 \u00a0 \u00a0 \u00a0 \u00a0 \u00a0 \u00a0 \u00a0 \u00a0 \u00a0 \u00a0 \u00a0 \u00a0 \u00a0<span style=\"font-size: 20px;\">\u00a0TEL. 0744 583 220<\/span><\/p><\/div>\t\t\t\t\t\t<\/div>\n\t\t\t\t<\/div>\n\t\t\t\t\t<\/div>\n\t\t<\/div>\n\t\t\t\t\t\t\t<\/div>\n\t\t<\/section>\n\t\t\t\t<div class=\"elementor-element elementor-element-5d96188f elementor-widget elementor-widget-gallery\" data-id=\"5d96188f\" data-element_type=\"widget\" data-settings=\"{&quot;gallery_layout&quot;:&quot;justified&quot;,&quot;ideal_row_height&quot;:{&quot;unit&quot;:&quot;px&quot;,&quot;size&quot;:160,&quot;sizes&quot;:[]},&quot;gap&quot;:{&quot;unit&quot;:&quot;px&quot;,&quot;size&quot;:5,&quot;sizes&quot;:[]},&quot;ideal_row_height_mobile&quot;:{&quot;unit&quot;:&quot;px&quot;,&quot;size&quot;:130,&quot;sizes&quot;:[]},&quot;gap_mobile&quot;:{&quot;unit&quot;:&quot;px&quot;,&quot;size&quot;:5,&quot;sizes&quot;:[]},&quot;lazyload&quot;:&quot;yes&quot;,&quot;ideal_row_height_tablet&quot;:{&quot;unit&quot;:&quot;px&quot;,&quot;size&quot;:150,&quot;sizes&quot;:[]},&quot;gap_tablet&quot;:{&quot;unit&quot;:&quot;px&quot;,&quot;size&quot;:10,&quot;sizes&quot;:[]},&quot;link_to&quot;:&quot;file&quot;,&quot;overlay_background&quot;:&quot;yes&quot;,&quot;content_hover_animation&quot;:&quot;fade-in&quot;}\" data-widget_type=\"gallery.default\">\n\t\t\t\t<div class=\"elementor-widget-container\">\n\t\t\t\t\t<div class=\"elementor-gallery__container\">\n\t\t\t\t\t\t\t<a class=\"e-gallery-item elementor-gallery-item elementor-animated-content\" href=\"https:\/\/erdelyitanfolyamok.ro\/wp-content\/uploads\/2022\/02\/IMG_20191031_152200-scaled.jpg\" data-elementor-open-lightbox=\"yes\" data-elementor-lightbox-slideshow=\"all-5d96188f\" data-elementor-lightbox-title=\"IMG_20191031_152200\">\n\t\t\t\t\t<div class=\"e-gallery-image elementor-gallery-item__image\" data-thumbnail=\"https:\/\/erdelyitanfolyamok.ro\/wp-content\/uploads\/2022\/02\/IMG_20191031_152200-225x300.jpg\" data-width=\"225\" data-height=\"300\" alt=\"\" ><\/div>\n\t\t\t\t\t\t\t\t\t\t<div class=\"elementor-gallery-item__overlay\"><\/div>\n\t\t\t\t\t\t\t\t\t\t\t\t\t\t<\/a>\n\t\t\t\t\t\t\t<a class=\"e-gallery-item elementor-gallery-item elementor-animated-content\" href=\"https:\/\/erdelyitanfolyamok.ro\/wp-content\/uploads\/2022\/02\/IMG_20191023_150858-scaled.jpg\" data-elementor-open-lightbox=\"yes\" data-elementor-lightbox-slideshow=\"all-5d96188f\" data-elementor-lightbox-title=\"IMG_20191023_150858\">\n\t\t\t\t\t<div class=\"e-gallery-image elementor-gallery-item__image\" data-thumbnail=\"https:\/\/erdelyitanfolyamok.ro\/wp-content\/uploads\/2022\/02\/IMG_20191023_150858-300x225.jpg\" data-width=\"300\" data-height=\"225\" alt=\"\" ><\/div>\n\t\t\t\t\t\t\t\t\t\t<div class=\"elementor-gallery-item__overlay\"><\/div>\n\t\t\t\t\t\t\t\t\t\t\t\t\t\t<\/a>\n\t\t\t\t\t\t\t<a class=\"e-gallery-item elementor-gallery-item elementor-animated-content\" href=\"https:\/\/erdelyitanfolyamok.ro\/wp-content\/uploads\/2022\/02\/web3.jpg\" data-elementor-open-lightbox=\"yes\" data-elementor-lightbox-slideshow=\"all-5d96188f\" data-elementor-lightbox-title=\"web3\">\n\t\t\t\t\t<div class=\"e-gallery-image elementor-gallery-item__image\" data-thumbnail=\"https:\/\/erdelyitanfolyamok.ro\/wp-content\/uploads\/2022\/02\/web3-300x225.jpg\" data-width=\"300\" data-height=\"225\" alt=\"\" ><\/div>\n\t\t\t\t\t\t\t\t\t\t<div class=\"elementor-gallery-item__overlay\"><\/div>\n\t\t\t\t\t\t\t\t\t\t\t\t\t\t<\/a>\n\t\t\t\t\t\t\t<a class=\"e-gallery-item elementor-gallery-item elementor-animated-content\" href=\"https:\/\/erdelyitanfolyamok.ro\/wp-content\/uploads\/2022\/03\/k-unnamed-9-1.jpg\" data-elementor-open-lightbox=\"yes\" data-elementor-lightbox-slideshow=\"all-5d96188f\" data-elementor-lightbox-title=\"k ,unnamed (9)\">\n\t\t\t\t\t<div class=\"e-gallery-image elementor-gallery-item__image\" data-thumbnail=\"https:\/\/erdelyitanfolyamok.ro\/wp-content\/uploads\/2022\/03\/k-unnamed-9-1-225x300.jpg\" data-width=\"225\" data-height=\"300\" alt=\"\" ><\/div>\n\t\t\t\t\t\t\t\t\t\t<div class=\"elementor-gallery-item__overlay\"><\/div>\n\t\t\t\t\t\t\t\t\t\t\t\t\t\t<\/a>\n\t\t\t\t\t\t\t<a class=\"e-gallery-item elementor-gallery-item elementor-animated-content\" href=\"https:\/\/erdelyitanfolyamok.ro\/wp-content\/uploads\/2022\/03\/ppunnamed-9-1.jpg\" data-elementor-open-lightbox=\"yes\" data-elementor-lightbox-slideshow=\"all-5d96188f\" data-elementor-lightbox-title=\"ppunnamed (9)\">\n\t\t\t\t\t<div class=\"e-gallery-image elementor-gallery-item__image\" data-thumbnail=\"https:\/\/erdelyitanfolyamok.ro\/wp-content\/uploads\/2022\/03\/ppunnamed-9-1-225x300.jpg\" data-width=\"225\" data-height=\"300\" alt=\"\" ><\/div>\n\t\t\t\t\t\t\t\t\t\t<div class=\"elementor-gallery-item__overlay\"><\/div>\n\t\t\t\t\t\t\t\t\t\t\t\t\t\t<\/a>\n\t\t\t\t\t\t\t<a class=\"e-gallery-item elementor-gallery-item elementor-animated-content\" href=\"https:\/\/erdelyitanfolyamok.ro\/wp-content\/uploads\/2022\/03\/nmunnamed-9-1.jpg\" data-elementor-open-lightbox=\"yes\" data-elementor-lightbox-slideshow=\"all-5d96188f\" data-elementor-lightbox-title=\"nmunnamed (9)\">\n\t\t\t\t\t<div class=\"e-gallery-image elementor-gallery-item__image\" data-thumbnail=\"https:\/\/erdelyitanfolyamok.ro\/wp-content\/uploads\/2022\/03\/nmunnamed-9-1-225x300.jpg\" data-width=\"225\" data-height=\"300\" alt=\"\" ><\/div>\n\t\t\t\t\t\t\t\t\t\t<div class=\"elementor-gallery-item__overlay\"><\/div>\n\t\t\t\t\t\t\t\t\t\t\t\t\t\t<\/a>\n\t\t\t\t\t\t\t<a class=\"e-gallery-item elementor-gallery-item elementor-animated-content\" href=\"https:\/\/erdelyitanfolyamok.ro\/wp-content\/uploads\/2022\/03\/uerfnnamed-9-1.jpg\" data-elementor-open-lightbox=\"yes\" data-elementor-lightbox-slideshow=\"all-5d96188f\" data-elementor-lightbox-title=\"uerfnnamed (9)\">\n\t\t\t\t\t<div class=\"e-gallery-image elementor-gallery-item__image\" data-thumbnail=\"https:\/\/erdelyitanfolyamok.ro\/wp-content\/uploads\/2022\/03\/uerfnnamed-9-1-225x300.jpg\" data-width=\"225\" data-height=\"300\" alt=\"\" ><\/div>\n\t\t\t\t\t\t\t\t\t\t<div class=\"elementor-gallery-item__overlay\"><\/div>\n\t\t\t\t\t\t\t\t\t\t\t\t\t\t<\/a>\n\t\t\t\t\t\t\t<a class=\"e-gallery-item elementor-gallery-item elementor-animated-content\" href=\"https:\/\/erdelyitanfolyamok.ro\/wp-content\/uploads\/2022\/03\/unnamepud-9-1.jpg\" data-elementor-open-lightbox=\"yes\" data-elementor-lightbox-slideshow=\"all-5d96188f\" data-elementor-lightbox-title=\"unnamep\u00fcd (9)\">\n\t\t\t\t\t<div class=\"e-gallery-image elementor-gallery-item__image\" data-thumbnail=\"https:\/\/erdelyitanfolyamok.ro\/wp-content\/uploads\/2022\/03\/unnamepud-9-1-244x300.jpg\" data-width=\"244\" data-height=\"300\" alt=\"\" ><\/div>\n\t\t\t\t\t\t\t\t\t\t<div class=\"elementor-gallery-item__overlay\"><\/div>\n\t\t\t\t\t\t\t\t\t\t\t\t\t\t<\/a>\n\t\t\t\t\t\t\t<a class=\"e-gallery-item elementor-gallery-item elementor-animated-content\" href=\"https:\/\/erdelyitanfolyamok.ro\/wp-content\/uploads\/2022\/03\/vgunnamed-9-1.jpg\" data-elementor-open-lightbox=\"yes\" data-elementor-lightbox-slideshow=\"all-5d96188f\" data-elementor-lightbox-title=\"vgunnamed (9)\">\n\t\t\t\t\t<div class=\"e-gallery-image elementor-gallery-item__image\" data-thumbnail=\"https:\/\/erdelyitanfolyamok.ro\/wp-content\/uploads\/2022\/03\/vgunnamed-9-1-225x300.jpg\" data-width=\"225\" data-height=\"300\" alt=\"\" ><\/div>\n\t\t\t\t\t\t\t\t\t\t<div class=\"elementor-gallery-item__overlay\"><\/div>\n\t\t\t\t\t\t\t\t\t\t\t\t\t\t<\/a>\n\t\t\t\t\t<\/div>\n\t\t\t<\/div>\n\t\t\t\t<\/div>\n\t\t\t\t\t<\/div>\n\t\t<\/div>\n\t\t\t\t\t\t\t<\/div>\n\t\t<\/section>\n\t\t\t\t\t\t<\/div>\n\t\t\t\t\t<\/div>\n\t\t","protected":false},"excerpt":{"rendered":"<p>tunsoare p\u0103r lung \/1zi 650 LEI ORA\u0218E: OBIECTIVELE CURSULUI: DOCUMENTE NECESARE PENTRU \u00ceNSCRIERE: Copie dup\u0103 Carte de Identitate Copie dup\u0103 certificatul de na\u0219tere \u0219i de c\u0103s\u0103torie, dup\u0103 caz Copie dup\u0103 ultima diploma de studii \u2013 sau foaie matricol\u0103 ( XII clase, pentru ob\u021binerea certificatului de absolvire ) Adeverinta medical\u0103 \u2013 apt pentru curs + 100 &hellip;<\/p>\n<p class=\"read-more\"> <a class=\"\" href=\"https:\/\/erdelyitanfolyamok.ro\/ro\/tunsori-par-lung-femei\/\"> <span class=\"screen-reader-text\">TUNSORI P\u0102R LUNK FEMEI<\/span> Read More &raquo;<\/a><\/p>\n","protected":false},"author":1,"featured_media":0,"parent":0,"menu_order":0,"comment_status":"closed","ping_status":"closed","template":"","meta":{"site-sidebar-layout":"no-sidebar","site-content-layout":"page-builder","ast-main-header-display":"","ast-hfb-above-header-display":"","ast-hfb-mobile-header-display":"","site-post-title":"disabled","ast-breadcrumbs-content":"","ast-featured-img":"disabled","footer-sml-layout":"","theme-transparent-header-meta":"","adv-header-id-meta":"","stick-header-meta":"","header-above-stick-meta":"","header-main-stick-meta":"","header-below-stick-meta":"","footnotes":""},"class_list":["post-3873","page","type-page","status-publish","hentry"],"_links":{"self":[{"href":"https:\/\/erdelyitanfolyamok.ro\/ro\/wp-json\/wp\/v2\/pages\/3873","targetHints":{"allow":["GET"]}}],"collection":[{"href":"https:\/\/erdelyitanfolyamok.ro\/ro\/wp-json\/wp\/v2\/pages"}],"about":[{"href":"https:\/\/erdelyitanfolyamok.ro\/ro\/wp-json\/wp\/v2\/types\/page"}],"author":[{"embeddable":true,"href":"https:\/\/erdelyitanfolyamok.ro\/ro\/wp-json\/wp\/v2\/users\/1"}],"replies":[{"embeddable":true,"href":"https:\/\/erdelyitanfolyamok.ro\/ro\/wp-json\/wp\/v2\/comments?post=3873"}],"version-history":[{"count":55,"href":"https:\/\/erdelyitanfolyamok.ro\/ro\/wp-json\/wp\/v2\/pages\/3873\/revisions"}],"predecessor-version":[{"id":9188,"href":"https:\/\/erdelyitanfolyamok.ro\/ro\/wp-json\/wp\/v2\/pages\/3873\/revisions\/9188"}],"wp:attachment":[{"href":"https:\/\/erdelyitanfolyamok.ro\/ro\/wp-json\/wp\/v2\/media?parent=3873"}],"curies":[{"name":"wp","href":"https:\/\/api.w.org\/{rel}","templated":true}]}}