{"id":3885,"date":"2022-02-23T15:13:00","date_gmt":"2022-02-23T15:13:00","guid":{"rendered":"https:\/\/erdelyitanfolyamok.ro\/colorimetrie\/"},"modified":"2024-11-08T20:05:33","modified_gmt":"2024-11-08T20:05:33","slug":"colorimetrie","status":"publish","type":"page","link":"https:\/\/erdelyitanfolyamok.ro\/ro\/colorimetrie\/","title":{"rendered":"COLORIMETRIE"},"content":{"rendered":"\t\t<div data-elementor-type=\"wp-page\" data-elementor-id=\"3885\" class=\"elementor elementor-3885 elementor-3880\" data-elementor-settings=\"[]\">\n\t\t\t\t\t\t\t<div class=\"elementor-section-wrap\">\n\t\t\t\t\t\t\t<section class=\"elementor-section elementor-top-section elementor-element elementor-element-2c87a5c6 elementor-section-boxed elementor-section-height-default elementor-section-height-default\" data-id=\"2c87a5c6\" data-element_type=\"section\" data-settings=\"{&quot;background_background&quot;:&quot;classic&quot;}\">\n\t\t\t\t\t\t\t<div class=\"elementor-background-overlay\"><\/div>\n\t\t\t\t\t\t\t<div class=\"elementor-container elementor-column-gap-default\">\n\t\t\t\t\t<div class=\"elementor-column elementor-col-50 elementor-top-column elementor-element elementor-element-21560646\" data-id=\"21560646\" data-element_type=\"column\">\n\t\t\t<div class=\"elementor-widget-wrap elementor-element-populated\">\n\t\t\t\t\t\t\t\t<div class=\"elementor-element elementor-element-309d618f elementor-widget elementor-widget-heading\" data-id=\"309d618f\" data-element_type=\"widget\" data-settings=\"{&quot;_animation&quot;:&quot;none&quot;,&quot;_animation_delay&quot;:100,&quot;_animation_mobile&quot;:&quot;none&quot;}\" data-widget_type=\"heading.default\">\n\t\t\t\t<div class=\"elementor-widget-container\">\n\t\t\t<h1 class=\"elementor-heading-title elementor-size-default\"><b>colorimetrie- o zi<\/b><\/h1>\t\t<\/div>\n\t\t\t\t<\/div>\n\t\t\t\t\t<\/div>\n\t\t<\/div>\n\t\t\t\t<div class=\"elementor-column elementor-col-50 elementor-top-column elementor-element elementor-element-2640a7db\" data-id=\"2640a7db\" data-element_type=\"column\">\n\t\t\t<div class=\"elementor-widget-wrap elementor-element-populated\">\n\t\t\t\t\t\t\t\t<section class=\"elementor-section elementor-inner-section elementor-element elementor-element-437a48b6 elementor-section-boxed elementor-section-height-default elementor-section-height-default\" data-id=\"437a48b6\" data-element_type=\"section\">\n\t\t\t\t\t\t<div class=\"elementor-container elementor-column-gap-default\">\n\t\t\t\t\t<div class=\"elementor-column elementor-col-50 elementor-inner-column elementor-element elementor-element-11ec3c83\" data-id=\"11ec3c83\" data-element_type=\"column\">\n\t\t\t<div class=\"elementor-widget-wrap elementor-element-populated\">\n\t\t\t\t\t\t\t\t\t<\/div>\n\t\t<\/div>\n\t\t\t\t<div class=\"elementor-column elementor-col-50 elementor-inner-column elementor-element elementor-element-359757b8\" data-id=\"359757b8\" data-element_type=\"column\">\n\t\t\t<div class=\"elementor-widget-wrap elementor-element-populated\">\n\t\t\t\t\t\t\t\t<div class=\"elementor-element elementor-element-36f930d8 elementor-widget elementor-widget-heading\" data-id=\"36f930d8\" data-element_type=\"widget\" data-widget_type=\"heading.default\">\n\t\t\t\t<div class=\"elementor-widget-container\">\n\t\t\t<h1 class=\"elementor-heading-title elementor-size-default\">650 LEI<\/h1>\t\t<\/div>\n\t\t\t\t<\/div>\n\t\t\t\t\t<\/div>\n\t\t<\/div>\n\t\t\t\t\t\t\t<\/div>\n\t\t<\/section>\n\t\t\t\t\t<\/div>\n\t\t<\/div>\n\t\t\t\t\t\t\t<\/div>\n\t\t<\/section>\n\t\t\t\t<section class=\"elementor-section elementor-top-section elementor-element elementor-element-2dc21a7e elementor-section-boxed elementor-section-height-default elementor-section-height-default\" data-id=\"2dc21a7e\" data-element_type=\"section\" data-settings=\"{&quot;background_background&quot;:&quot;classic&quot;}\">\n\t\t\t\t\t\t<div class=\"elementor-container elementor-column-gap-default\">\n\t\t\t\t\t<div class=\"elementor-column elementor-col-100 elementor-top-column elementor-element elementor-element-1d697a43\" data-id=\"1d697a43\" data-element_type=\"column\">\n\t\t\t<div class=\"elementor-widget-wrap elementor-element-populated\">\n\t\t\t\t\t\t\t\t<div class=\"elementor-element elementor-element-2b5c6e4e elementor-widget elementor-widget-text-editor\" data-id=\"2b5c6e4e\" data-element_type=\"widget\" data-widget_type=\"text-editor.default\">\n\t\t\t\t<div class=\"elementor-widget-container\">\n\t\t\t\t\t\t\t<ul><li>Cursul de Colorimetrie organizat\u00a0 de noi se adreseaza hairstylistilor (si nu numai) care vor sa invete cat mai multe tehnici de colorare .\u00a0<\/li><li><i>Culoarea este, probabil, cel mai puternic serviciu care poate fi oferit in salon pentru ca ofera cea mai mare rata de fidelizare a clientului.<\/i><\/li><\/ul><h3><span style=\"color: #ffffff;\"><span style=\"font-family: -apple-system, BlinkMacSystemFont, 'Segoe UI', Roboto, Oxygen-Sans, Ubuntu, Cantarell, 'Helvetica Neue', sans-serif;\">\u00a0<\/span><\/span><span style=\"color: #ffffff;\"><span style=\"font-family: -apple-system, BlinkMacSystemFont, 'Segoe UI', Roboto, Oxygen-Sans, Ubuntu, Cantarell, 'Helvetica Neue', sans-serif;\"><br \/><\/span><\/span><\/h3>\t\t\t\t\t\t<\/div>\n\t\t\t\t<\/div>\n\t\t\t\t<section class=\"elementor-section elementor-inner-section elementor-element elementor-element-91ee0c3 elementor-section-boxed elementor-section-height-default elementor-section-height-default\" data-id=\"91ee0c3\" data-element_type=\"section\">\n\t\t\t\t\t\t<div class=\"elementor-container elementor-column-gap-default\">\n\t\t\t\t\t<div class=\"elementor-column elementor-col-50 elementor-inner-column elementor-element elementor-element-57a102e9\" data-id=\"57a102e9\" data-element_type=\"column\" data-settings=\"{&quot;background_background&quot;:&quot;classic&quot;}\">\n\t\t\t<div class=\"elementor-widget-wrap elementor-element-populated\">\n\t\t\t\t\t\t\t\t<div class=\"elementor-element elementor-element-3f5e64ee elementor-widget elementor-widget-text-editor\" data-id=\"3f5e64ee\" data-element_type=\"widget\" data-widget_type=\"text-editor.default\">\n\t\t\t\t<div class=\"elementor-widget-container\">\n\t\t\t\t\t\t\t<p><span style=\"text-decoration-line: underline; color: #b1944f; font-size: 19px;\">OBIECTIVELE CURSULUI :<\/span><\/p>\t\t\t\t\t\t<\/div>\n\t\t\t\t<\/div>\n\t\t\t\t\t<\/div>\n\t\t<\/div>\n\t\t\t\t<div class=\"elementor-column elementor-col-50 elementor-inner-column elementor-element elementor-element-68953da1\" data-id=\"68953da1\" data-element_type=\"column\" data-settings=\"{&quot;background_background&quot;:&quot;classic&quot;}\">\n\t\t\t<div class=\"elementor-widget-wrap elementor-element-populated\">\n\t\t\t\t\t\t\t\t<div class=\"elementor-element elementor-element-444bce09 elementor-invisible elementor-widget elementor-widget-text-editor\" data-id=\"444bce09\" data-element_type=\"widget\" data-settings=\"{&quot;_animation&quot;:&quot;fadeIn&quot;}\" data-widget_type=\"text-editor.default\">\n\t\t\t\t<div class=\"elementor-widget-container\">\n\t\t\t\t\t\t\t<p><span style=\"text-decoration: underline; font-size: 19px; color: #b1944f;\">DOCUMENTE NECESARE PENTRU \u00ceNSCRIERE:<\/span><\/p><ul><li style=\"list-style-type: none;\"><br \/><ul><li>Copie dup\u0103 Carte de Identitate<\/li><li>Copie dup\u0103 certificatul de na\u0219tere \u0219i de c\u0103s\u0103torie, dup\u0103 caz<\/li><li>Copie dup\u0103 ultima diploma de studii \u2013 sau foaie matricol\u0103 ( X clase, pentru ob\u021binerea certificatului de absolvire )<\/li><\/ul><\/li><\/ul><div><p style=\"font-size: 15px; font-style: normal; font-weight: 400; color: #ecdb94; background-color: #020201;\"><span style=\"color: #b1944f;\">+ 100 lei tax\u0103 de \u00eenscriere<\/span><\/p><p style=\"font-size: 15px; font-style: normal; font-weight: 400; background-color: #020201; color: #b1944f;\">\u00a0 \u00a0 \u00a0 \u00a0 \u00a0 \u00a0 \u00a0 \u00a0 \u00a0 \u00a0 \u00a0 \u00a0 \u00a0 \u00a0 \u00a0 \u00a0 \u00a0 \u00a0 \u00a0 \u00a0<span style=\"font-size: 20px;\">\u00a0TEL. 0744 583 220<\/span><\/p><\/div>\t\t\t\t\t\t<\/div>\n\t\t\t\t<\/div>\n\t\t\t\t\t<\/div>\n\t\t<\/div>\n\t\t\t\t\t\t\t<\/div>\n\t\t<\/section>\n\t\t\t\t<div class=\"elementor-element elementor-element-7a31e223 elementor-widget elementor-widget-gallery\" data-id=\"7a31e223\" data-element_type=\"widget\" data-settings=\"{&quot;gallery_layout&quot;:&quot;justified&quot;,&quot;ideal_row_height&quot;:{&quot;unit&quot;:&quot;px&quot;,&quot;size&quot;:160,&quot;sizes&quot;:[]},&quot;gap&quot;:{&quot;unit&quot;:&quot;px&quot;,&quot;size&quot;:5,&quot;sizes&quot;:[]},&quot;ideal_row_height_mobile&quot;:{&quot;unit&quot;:&quot;px&quot;,&quot;size&quot;:130,&quot;sizes&quot;:[]},&quot;gap_mobile&quot;:{&quot;unit&quot;:&quot;px&quot;,&quot;size&quot;:5,&quot;sizes&quot;:[]},&quot;lazyload&quot;:&quot;yes&quot;,&quot;ideal_row_height_tablet&quot;:{&quot;unit&quot;:&quot;px&quot;,&quot;size&quot;:150,&quot;sizes&quot;:[]},&quot;gap_tablet&quot;:{&quot;unit&quot;:&quot;px&quot;,&quot;size&quot;:10,&quot;sizes&quot;:[]},&quot;link_to&quot;:&quot;file&quot;,&quot;overlay_background&quot;:&quot;yes&quot;,&quot;content_hover_animation&quot;:&quot;fade-in&quot;}\" data-widget_type=\"gallery.default\">\n\t\t\t\t<div class=\"elementor-widget-container\">\n\t\t\t\t\t<div class=\"elementor-gallery__container\">\n\t\t\t\t\t\t\t<a class=\"e-gallery-item elementor-gallery-item elementor-animated-content\" href=\"https:\/\/erdelyitanfolyamok.ro\/wp-content\/uploads\/2022\/02\/WEB-C.jpg\" data-elementor-open-lightbox=\"yes\" data-elementor-lightbox-slideshow=\"all-7a31e223\" data-elementor-lightbox-title=\"WEB C\">\n\t\t\t\t\t<div class=\"e-gallery-image elementor-gallery-item__image\" data-thumbnail=\"https:\/\/erdelyitanfolyamok.ro\/wp-content\/uploads\/2022\/02\/WEB-C-300x210.jpg\" data-width=\"300\" data-height=\"210\" alt=\"\" ><\/div>\n\t\t\t\t\t\t\t\t\t\t<div class=\"elementor-gallery-item__overlay\"><\/div>\n\t\t\t\t\t\t\t\t\t\t\t\t\t\t<\/a>\n\t\t\t\t\t\t\t<a class=\"e-gallery-item elementor-gallery-item elementor-animated-content\" href=\"https:\/\/erdelyitanfolyamok.ro\/wp-content\/uploads\/2022\/02\/274184288_1385489665263416_7077708488593018588_n.jpg\" data-elementor-open-lightbox=\"yes\" data-elementor-lightbox-slideshow=\"all-7a31e223\" data-elementor-lightbox-title=\"274184288_1385489665263416_7077708488593018588_n\">\n\t\t\t\t\t<div class=\"e-gallery-image elementor-gallery-item__image\" data-thumbnail=\"https:\/\/erdelyitanfolyamok.ro\/wp-content\/uploads\/2022\/02\/274184288_1385489665263416_7077708488593018588_n-188x300.jpg\" data-width=\"188\" data-height=\"300\" alt=\"\" ><\/div>\n\t\t\t\t\t\t\t\t\t\t<div class=\"elementor-gallery-item__overlay\"><\/div>\n\t\t\t\t\t\t\t\t\t\t\t\t\t\t<\/a>\n\t\t\t\t\t\t\t<a class=\"e-gallery-item elementor-gallery-item elementor-animated-content\" href=\"https:\/\/erdelyitanfolyamok.ro\/wp-content\/uploads\/2022\/03\/unnamed-9-gtyh-3.jpg\" data-elementor-open-lightbox=\"yes\" data-elementor-lightbox-slideshow=\"all-7a31e223\" data-elementor-lightbox-title=\"unnamed (9) gtyh\">\n\t\t\t\t\t<div class=\"e-gallery-image elementor-gallery-item__image\" data-thumbnail=\"https:\/\/erdelyitanfolyamok.ro\/wp-content\/uploads\/2022\/03\/unnamed-9-gtyh-3-225x300.jpg\" data-width=\"225\" data-height=\"300\" alt=\"\" ><\/div>\n\t\t\t\t\t\t\t\t\t\t<div class=\"elementor-gallery-item__overlay\"><\/div>\n\t\t\t\t\t\t\t\t\t\t\t\t\t\t<\/a>\n\t\t\t\t\t<\/div>\n\t\t\t<\/div>\n\t\t\t\t<\/div>\n\t\t\t\t\t<\/div>\n\t\t<\/div>\n\t\t\t\t\t\t\t<\/div>\n\t\t<\/section>\n\t\t\t\t\t\t<\/div>\n\t\t\t\t\t<\/div>\n\t\t","protected":false},"excerpt":{"rendered":"<p>colorimetrie- o zi 650 LEI Cursul de Colorimetrie organizat\u00a0 de noi se adreseaza hairstylistilor (si nu numai) care vor sa invete cat mai multe tehnici de colorare .\u00a0 Culoarea este, probabil, cel mai puternic serviciu care poate fi oferit in salon pentru ca ofera cea mai mare rata de fidelizare a clientului. \u00a0 OBIECTIVELE CURSULUI &hellip;<\/p>\n<p class=\"read-more\"> <a class=\"\" href=\"https:\/\/erdelyitanfolyamok.ro\/ro\/colorimetrie\/\"> <span class=\"screen-reader-text\">COLORIMETRIE<\/span> Read More &raquo;<\/a><\/p>\n","protected":false},"author":1,"featured_media":0,"parent":0,"menu_order":0,"comment_status":"closed","ping_status":"closed","template":"","meta":{"site-sidebar-layout":"no-sidebar","site-content-layout":"page-builder","ast-main-header-display":"","ast-hfb-above-header-display":"","ast-hfb-mobile-header-display":"","site-post-title":"disabled","ast-breadcrumbs-content":"","ast-featured-img":"disabled","footer-sml-layout":"","theme-transparent-header-meta":"","adv-header-id-meta":"","stick-header-meta":"","header-above-stick-meta":"","header-main-stick-meta":"","header-below-stick-meta":"","footnotes":""},"class_list":["post-3885","page","type-page","status-publish","hentry"],"_links":{"self":[{"href":"https:\/\/erdelyitanfolyamok.ro\/ro\/wp-json\/wp\/v2\/pages\/3885","targetHints":{"allow":["GET"]}}],"collection":[{"href":"https:\/\/erdelyitanfolyamok.ro\/ro\/wp-json\/wp\/v2\/pages"}],"about":[{"href":"https:\/\/erdelyitanfolyamok.ro\/ro\/wp-json\/wp\/v2\/types\/page"}],"author":[{"embeddable":true,"href":"https:\/\/erdelyitanfolyamok.ro\/ro\/wp-json\/wp\/v2\/users\/1"}],"replies":[{"embeddable":true,"href":"https:\/\/erdelyitanfolyamok.ro\/ro\/wp-json\/wp\/v2\/comments?post=3885"}],"version-history":[{"count":55,"href":"https:\/\/erdelyitanfolyamok.ro\/ro\/wp-json\/wp\/v2\/pages\/3885\/revisions"}],"predecessor-version":[{"id":9197,"href":"https:\/\/erdelyitanfolyamok.ro\/ro\/wp-json\/wp\/v2\/pages\/3885\/revisions\/9197"}],"wp:attachment":[{"href":"https:\/\/erdelyitanfolyamok.ro\/ro\/wp-json\/wp\/v2\/media?parent=3885"}],"curies":[{"name":"wp","href":"https:\/\/api.w.org\/{rel}","templated":true}]}}