{"id":422,"date":"2021-12-20T08:24:43","date_gmt":"2021-12-20T08:24:43","guid":{"rendered":"https:\/\/erdelyitanfolyamok.ro\/index.php\/cosmetica\/"},"modified":"2025-08-20T12:23:54","modified_gmt":"2025-08-20T12:23:54","slug":"cosmetica","status":"publish","type":"page","link":"https:\/\/erdelyitanfolyamok.ro\/ro\/cosmetica\/","title":{"rendered":"COSMETIC\u0102"},"content":{"rendered":"\t\t<div data-elementor-type=\"wp-page\" data-elementor-id=\"422\" class=\"elementor elementor-422 elementor-197\" data-elementor-settings=\"[]\">\n\t\t\t\t\t\t\t<div class=\"elementor-section-wrap\">\n\t\t\t\t\t\t\t<section class=\"elementor-section elementor-top-section elementor-element elementor-element-5ed44cd elementor-section-boxed elementor-section-height-default elementor-section-height-default\" data-id=\"5ed44cd\" data-element_type=\"section\" data-settings=\"{&quot;background_background&quot;:&quot;classic&quot;}\">\n\t\t\t\t\t\t<div class=\"elementor-container elementor-column-gap-default\">\n\t\t\t\t\t<div class=\"elementor-column elementor-col-50 elementor-top-column elementor-element elementor-element-7961ae4\" data-id=\"7961ae4\" data-element_type=\"column\">\n\t\t\t<div class=\"elementor-widget-wrap elementor-element-populated\">\n\t\t\t\t\t\t\t\t<div class=\"elementor-element elementor-element-8b292de elementor-invisible elementor-widget elementor-widget-heading\" data-id=\"8b292de\" data-element_type=\"widget\" data-settings=\"{&quot;_animation&quot;:&quot;fadeInUp&quot;,&quot;_animation_delay&quot;:100}\" data-widget_type=\"heading.default\">\n\t\t\t\t<div class=\"elementor-widget-container\">\n\t\t\t<h1 class=\"elementor-heading-title elementor-size-default\">COSMETIC\u0102 - CALIFICARE - 6 LUNI<\/h1>\t\t<\/div>\n\t\t\t\t<\/div>\n\t\t\t\t\t<\/div>\n\t\t<\/div>\n\t\t\t\t<div class=\"elementor-column elementor-col-50 elementor-top-column elementor-element elementor-element-1d76feb\" data-id=\"1d76feb\" data-element_type=\"column\">\n\t\t\t<div class=\"elementor-widget-wrap elementor-element-populated\">\n\t\t\t\t\t\t\t\t<section class=\"elementor-section elementor-inner-section elementor-element elementor-element-575c7e1 elementor-section-boxed elementor-section-height-default elementor-section-height-default\" data-id=\"575c7e1\" data-element_type=\"section\">\n\t\t\t\t\t\t<div class=\"elementor-container elementor-column-gap-default\">\n\t\t\t\t\t<div class=\"elementor-column elementor-col-50 elementor-inner-column elementor-element elementor-element-5437b73\" data-id=\"5437b73\" data-element_type=\"column\">\n\t\t\t<div class=\"elementor-widget-wrap elementor-element-populated\">\n\t\t\t\t\t\t\t\t\t<\/div>\n\t\t<\/div>\n\t\t\t\t<div class=\"elementor-column elementor-col-50 elementor-inner-column elementor-element elementor-element-b7dd0ea\" data-id=\"b7dd0ea\" data-element_type=\"column\">\n\t\t\t<div class=\"elementor-widget-wrap elementor-element-populated\">\n\t\t\t\t\t\t\t\t<div class=\"elementor-element elementor-element-93be48b elementor-widget elementor-widget-heading\" data-id=\"93be48b\" data-element_type=\"widget\" data-widget_type=\"heading.default\">\n\t\t\t\t<div class=\"elementor-widget-container\">\n\t\t\t<h1 class=\"elementor-heading-title elementor-size-default\">7200 lei - 1200 LEI\/LUNA<\/h1>\t\t<\/div>\n\t\t\t\t<\/div>\n\t\t\t\t\t<\/div>\n\t\t<\/div>\n\t\t\t\t\t\t\t<\/div>\n\t\t<\/section>\n\t\t\t\t\t<\/div>\n\t\t<\/div>\n\t\t\t\t\t\t\t<\/div>\n\t\t<\/section>\n\t\t\t\t<section class=\"elementor-section elementor-top-section elementor-element elementor-element-53e1e23 elementor-section-boxed elementor-section-height-default elementor-section-height-default\" data-id=\"53e1e23\" data-element_type=\"section\" data-settings=\"{&quot;background_background&quot;:&quot;classic&quot;}\">\n\t\t\t\t\t\t<div class=\"elementor-container elementor-column-gap-default\">\n\t\t\t\t\t<div class=\"elementor-column elementor-col-100 elementor-top-column elementor-element elementor-element-8c03a40\" data-id=\"8c03a40\" data-element_type=\"column\">\n\t\t\t<div class=\"elementor-widget-wrap elementor-element-populated\">\n\t\t\t\t\t\t\t\t<div class=\"elementor-element elementor-element-bf6615d elementor-widget elementor-widget-text-editor\" data-id=\"bf6615d\" data-element_type=\"widget\" data-widget_type=\"text-editor.default\">\n\t\t\t\t<div class=\"elementor-widget-container\">\n\t\t\t\t\t\t\t<div><h1 class=\"elementor-heading-title elementor-size-small\" style=\"font-size: 26px; font-style: normal; font-weight: 400; margin-bottom: 0px; color: #b1944f; text-transform: uppercase; background-color: #000000;\"><span style=\"text-decoration-line: underline; font-size: 19px;\">ORA\u0218E:\u00a0<\/span><span style=\"font-size: 19px; background-color: #020201; color: #ecdb94;\">*ODORHEIU SECUIESC, *MIERCUREA CIUC, *SZOVATA, *GHEORGHENI, *T\u00c2RGU MURE\u0218, *T\u00c2RGU SECUIESC, *BARAOLT<\/span><\/h1><div style=\"color: #ecdb94; background-color: #020201;\"><span style=\"font-size: 19px;\">*SF\u00c2NTU GHEORGHE<\/span><span style=\"font-size: 19px; text-align: center; background-color: #ffffff;\">\u00a0<\/span><\/div><\/div><ul><li>Cosmetica este un termen care define\u015fte \u00eengrijirea, men\u0163inerea \u015fi \u00eenfrumuse\u0163area corpului uman, precum \u015fi \u00eent\u00e2rzierea apari\u0163iei semnelor b\u0103tr\u00e2ne\u0163ii. Este de asemenea o art\u0103 care corecteaz\u0103 sau atenueaz\u0103 unele imperfec\u0163iuni, iar mijloacele folosite ajut\u0103 s\u0103 dea str\u0103lucire \u015fi s\u0103 scoat\u0103 \u00een eviden\u0163\u0103 tr\u0103s\u0103turile caracteristice proprii. Cursul de CALIFICARE este cel mai avansat nivel \u00een cosmetic\u0103.<\/li><\/ul>\t\t\t\t\t\t<\/div>\n\t\t\t\t<\/div>\n\t\t\t\t<section class=\"elementor-section elementor-inner-section elementor-element elementor-element-dc5c412 elementor-section-boxed elementor-section-height-default elementor-section-height-default\" data-id=\"dc5c412\" data-element_type=\"section\">\n\t\t\t\t\t\t<div class=\"elementor-container elementor-column-gap-default\">\n\t\t\t\t\t<div class=\"elementor-column elementor-col-50 elementor-inner-column elementor-element elementor-element-7723464\" data-id=\"7723464\" data-element_type=\"column\">\n\t\t\t<div class=\"elementor-widget-wrap elementor-element-populated\">\n\t\t\t\t\t\t\t\t<div class=\"elementor-element elementor-element-681de9b elementor-drop-cap-yes elementor-drop-cap-view-default elementor-widget elementor-widget-text-editor\" data-id=\"681de9b\" data-element_type=\"widget\" data-settings=\"{&quot;drop_cap&quot;:&quot;yes&quot;}\" data-widget_type=\"text-editor.default\">\n\t\t\t\t<div class=\"elementor-widget-container\">\n\t\t\t\t\t\t\t<p><span style=\"text-decoration: underline; font-size: 19px; color: #b1944f;\">OBIECTIVELE CURSULUI :<\/span><\/p><ul><li>Preg\u0103tirea profesional\u0103;<\/li><li>Igienizarea locului de munc\u0103;<\/li><li>Utilizarea echipamentelor cosmetice;<\/li><li>Aprovizionarea cu materiale specifice;<\/li><li>Preg\u0103tirea materialelor cosmetice;<\/li><li>Programarea clientelei;<\/li><li>Executarea epilatului;<\/li><li>Executarea retu\u015furilor \u015fi machiajelor;<\/li><li>Executarea tratamentului cosmetic;<\/li><li>Executarea vopsitului genelor \u015fi spr\u00e2ncenelor;<\/li><li>Promovarea serviciilor unit\u0103\u0163ii;<\/li><li>Realizarea cadrului ambiental;<\/li><li>Acordarea de consultan\u0163\u0103;<\/li><li>Stabilirea schemei de tratament.<\/li><li>Make Up<\/li><li>Machiaj<\/li><\/ul>\t\t\t\t\t\t<\/div>\n\t\t\t\t<\/div>\n\t\t\t\t\t<\/div>\n\t\t<\/div>\n\t\t\t\t<div class=\"elementor-column elementor-col-50 elementor-inner-column elementor-element elementor-element-5cbaa40\" data-id=\"5cbaa40\" data-element_type=\"column\">\n\t\t\t<div class=\"elementor-widget-wrap elementor-element-populated\">\n\t\t\t\t\t\t\t\t<div class=\"elementor-element elementor-element-308aa04 elementor-widget elementor-widget-text-editor\" data-id=\"308aa04\" data-element_type=\"widget\" data-widget_type=\"text-editor.default\">\n\t\t\t\t<div class=\"elementor-widget-container\">\n\t\t\t\t\t\t\t<p><span style=\"text-decoration: underline; font-size: 19px; color: #b1944f;\">DOCUMENTE NECESARE PENTRU \u00ceNSCRIERE:<\/span><\/p><ul><li style=\"list-style-type: none;\"><ul><li>Copie dup\u0103 Carte de Identitate<\/li><li>Copie dup\u0103 certificatul de na\u0219tere \u0219i de c\u0103s\u0103torie, dup\u0103 caz<\/li><li>Copie\u00a0 diploma de studii \u2013 sau foaie matricol\u0103 ( XII clase, pentru ob\u021binerea certificatului de calificare )<\/li><li>Adeverinta medical\u0103 \u2013 apt pentru curs<\/li><\/ul><\/li><\/ul><div><p style=\"font-size: 15px; font-style: normal; font-weight: 400; color: #ecdb94; background-color: #020201;\"><span style=\"color: #b1944f;\">+ 180 lei tax\u0103 de \u00eenscriere<\/span><\/p><p style=\"font-size: 15px; font-style: normal; font-weight: 400; color: #ecdb94; background-color: #020201;\">&#8211; Cursul se poate pl\u0103ti \u00een rate lunar<\/p><p style=\"font-size: 15px; font-style: normal; font-weight: 400; background-color: #020201; color: #b1944f;\">\u00a0 \u00a0 \u00a0 \u00a0 \u00a0 \u00a0 \u00a0 \u00a0 \u00a0 \u00a0 \u00a0 \u00a0 \u00a0 \u00a0 \u00a0 \u00a0 \u00a0 \u00a0 \u00a0 \u00a0<span style=\"font-size: 20px;\">\u00a0TEL. 0744 583 220<\/span><\/p><\/div>\t\t\t\t\t\t<\/div>\n\t\t\t\t<\/div>\n\t\t\t\t\t<\/div>\n\t\t<\/div>\n\t\t\t\t\t\t\t<\/div>\n\t\t<\/section>\n\t\t\t\t<div class=\"elementor-element elementor-element-34121fe elementor-widget elementor-widget-gallery\" data-id=\"34121fe\" data-element_type=\"widget\" data-settings=\"{&quot;gallery_layout&quot;:&quot;justified&quot;,&quot;ideal_row_height&quot;:{&quot;unit&quot;:&quot;px&quot;,&quot;size&quot;:160,&quot;sizes&quot;:[]},&quot;gap&quot;:{&quot;unit&quot;:&quot;px&quot;,&quot;size&quot;:5,&quot;sizes&quot;:[]},&quot;ideal_row_height_mobile&quot;:{&quot;unit&quot;:&quot;px&quot;,&quot;size&quot;:130,&quot;sizes&quot;:[]},&quot;gap_mobile&quot;:{&quot;unit&quot;:&quot;px&quot;,&quot;size&quot;:5,&quot;sizes&quot;:[]},&quot;lazyload&quot;:&quot;yes&quot;,&quot;ideal_row_height_tablet&quot;:{&quot;unit&quot;:&quot;px&quot;,&quot;size&quot;:150,&quot;sizes&quot;:[]},&quot;gap_tablet&quot;:{&quot;unit&quot;:&quot;px&quot;,&quot;size&quot;:10,&quot;sizes&quot;:[]},&quot;link_to&quot;:&quot;file&quot;,&quot;overlay_background&quot;:&quot;yes&quot;,&quot;content_hover_animation&quot;:&quot;fade-in&quot;}\" data-widget_type=\"gallery.default\">\n\t\t\t\t<div class=\"elementor-widget-container\">\n\t\t\t\t\t<div class=\"elementor-gallery__container\">\n\t\t\t\t\t\t\t<a class=\"e-gallery-item elementor-gallery-item elementor-animated-content\" href=\"https:\/\/erdelyitanfolyamok.ro\/wp-content\/uploads\/2022\/03\/unnamed-2-9.jpg\" data-elementor-open-lightbox=\"yes\" data-elementor-lightbox-slideshow=\"all-34121fe\" data-elementor-lightbox-title=\"unnamed (2)\">\n\t\t\t\t\t<div class=\"e-gallery-image elementor-gallery-item__image\" data-thumbnail=\"https:\/\/erdelyitanfolyamok.ro\/wp-content\/uploads\/2022\/03\/unnamed-2-9-292x300.jpg\" data-width=\"292\" data-height=\"300\" alt=\"\" ><\/div>\n\t\t\t\t\t\t\t\t\t\t<div class=\"elementor-gallery-item__overlay\"><\/div>\n\t\t\t\t\t\t\t\t\t\t\t\t\t\t<\/a>\n\t\t\t\t\t\t\t<a class=\"e-gallery-item elementor-gallery-item elementor-animated-content\" href=\"https:\/\/erdelyitanfolyamok.ro\/wp-content\/uploads\/2022\/03\/unnampeed-9-2.jpg\" data-elementor-open-lightbox=\"yes\" data-elementor-lightbox-slideshow=\"all-34121fe\" data-elementor-lightbox-title=\"unnamp\u00e9ed (9)\">\n\t\t\t\t\t<div class=\"e-gallery-image elementor-gallery-item__image\" data-thumbnail=\"https:\/\/erdelyitanfolyamok.ro\/wp-content\/uploads\/2022\/03\/unnampeed-9-2-224x300.jpg\" data-width=\"224\" data-height=\"300\" alt=\"\" ><\/div>\n\t\t\t\t\t\t\t\t\t\t<div class=\"elementor-gallery-item__overlay\"><\/div>\n\t\t\t\t\t\t\t\t\t\t\t\t\t\t<\/a>\n\t\t\t\t\t\t\t<a class=\"e-gallery-item elementor-gallery-item elementor-animated-content\" href=\"https:\/\/erdelyitanfolyamok.ro\/wp-content\/uploads\/2022\/03\/IMG_0030-1-scaled.jpg\" data-elementor-open-lightbox=\"yes\" data-elementor-lightbox-slideshow=\"all-34121fe\" data-elementor-lightbox-title=\"IMG_0030\">\n\t\t\t\t\t<div class=\"e-gallery-image elementor-gallery-item__image\" data-thumbnail=\"https:\/\/erdelyitanfolyamok.ro\/wp-content\/uploads\/2022\/03\/IMG_0030-1-300x225.jpg\" data-width=\"300\" data-height=\"225\" alt=\"\" ><\/div>\n\t\t\t\t\t\t\t\t\t\t<div class=\"elementor-gallery-item__overlay\"><\/div>\n\t\t\t\t\t\t\t\t\t\t\t\t\t\t<\/a>\n\t\t\t\t\t\t\t<a class=\"e-gallery-item elementor-gallery-item elementor-animated-content\" href=\"https:\/\/erdelyitanfolyamok.ro\/wp-content\/uploads\/2022\/03\/unnamed-3-10.jpg\" data-elementor-open-lightbox=\"yes\" data-elementor-lightbox-slideshow=\"all-34121fe\" data-elementor-lightbox-title=\"unnamed (3)\">\n\t\t\t\t\t<div class=\"e-gallery-image elementor-gallery-item__image\" data-thumbnail=\"https:\/\/erdelyitanfolyamok.ro\/wp-content\/uploads\/2022\/03\/unnamed-3-10-259x300.jpg\" data-width=\"259\" data-height=\"300\" alt=\"\" ><\/div>\n\t\t\t\t\t\t\t\t\t\t<div class=\"elementor-gallery-item__overlay\"><\/div>\n\t\t\t\t\t\t\t\t\t\t\t\t\t\t<\/a>\n\t\t\t\t\t\t\t<a class=\"e-gallery-item elementor-gallery-item elementor-animated-content\" href=\"https:\/\/erdelyitanfolyamok.ro\/wp-content\/uploads\/2022\/03\/unnamed-4-9.jpg\" data-elementor-open-lightbox=\"yes\" data-elementor-lightbox-slideshow=\"all-34121fe\" data-elementor-lightbox-title=\"unnamed (4)\">\n\t\t\t\t\t<div class=\"e-gallery-image elementor-gallery-item__image\" data-thumbnail=\"https:\/\/erdelyitanfolyamok.ro\/wp-content\/uploads\/2022\/03\/unnamed-4-9-300x225.jpg\" data-width=\"300\" data-height=\"225\" alt=\"\" ><\/div>\n\t\t\t\t\t\t\t\t\t\t<div class=\"elementor-gallery-item__overlay\"><\/div>\n\t\t\t\t\t\t\t\t\t\t\t\t\t\t<\/a>\n\t\t\t\t\t\t\t<a class=\"e-gallery-item elementor-gallery-item elementor-animated-content\" href=\"https:\/\/erdelyitanfolyamok.ro\/wp-content\/uploads\/2022\/03\/IMG_0163-3-scaled.jpg\" data-elementor-open-lightbox=\"yes\" data-elementor-lightbox-slideshow=\"all-34121fe\" data-elementor-lightbox-title=\"IMG_0163\">\n\t\t\t\t\t<div class=\"e-gallery-image elementor-gallery-item__image\" data-thumbnail=\"https:\/\/erdelyitanfolyamok.ro\/wp-content\/uploads\/2022\/03\/IMG_0163-3-225x300.jpg\" data-width=\"225\" data-height=\"300\" alt=\"\" ><\/div>\n\t\t\t\t\t\t\t\t\t\t<div class=\"elementor-gallery-item__overlay\"><\/div>\n\t\t\t\t\t\t\t\t\t\t\t\t\t\t<\/a>\n\t\t\t\t\t\t\t<a class=\"e-gallery-item elementor-gallery-item elementor-animated-content\" href=\"https:\/\/erdelyitanfolyamok.ro\/wp-content\/uploads\/2022\/03\/unnamed-5-8.jpg\" data-elementor-open-lightbox=\"yes\" data-elementor-lightbox-slideshow=\"all-34121fe\" data-elementor-lightbox-title=\"unnamed (5)\">\n\t\t\t\t\t<div class=\"e-gallery-image elementor-gallery-item__image\" data-thumbnail=\"https:\/\/erdelyitanfolyamok.ro\/wp-content\/uploads\/2022\/03\/unnamed-5-8-225x300.jpg\" data-width=\"225\" data-height=\"300\" alt=\"\" ><\/div>\n\t\t\t\t\t\t\t\t\t\t<div class=\"elementor-gallery-item__overlay\"><\/div>\n\t\t\t\t\t\t\t\t\t\t\t\t\t\t<\/a>\n\t\t\t\t\t\t\t<a class=\"e-gallery-item elementor-gallery-item elementor-animated-content\" href=\"https:\/\/erdelyitanfolyamok.ro\/wp-content\/uploads\/2022\/03\/IMG_0037-1-scaled.jpg\" data-elementor-open-lightbox=\"yes\" data-elementor-lightbox-slideshow=\"all-34121fe\" data-elementor-lightbox-title=\"IMG_0037\">\n\t\t\t\t\t<div class=\"e-gallery-image elementor-gallery-item__image\" data-thumbnail=\"https:\/\/erdelyitanfolyamok.ro\/wp-content\/uploads\/2022\/03\/IMG_0037-1-225x300.jpg\" data-width=\"225\" data-height=\"300\" alt=\"\" ><\/div>\n\t\t\t\t\t\t\t\t\t\t<div class=\"elementor-gallery-item__overlay\"><\/div>\n\t\t\t\t\t\t\t\t\t\t\t\t\t\t<\/a>\n\t\t\t\t\t\t\t<a class=\"e-gallery-item elementor-gallery-item elementor-animated-content\" href=\"https:\/\/erdelyitanfolyamok.ro\/wp-content\/uploads\/2022\/03\/unnamed-17.jpg\" data-elementor-open-lightbox=\"yes\" data-elementor-lightbox-slideshow=\"all-34121fe\" data-elementor-lightbox-title=\"unnamed\">\n\t\t\t\t\t<div class=\"e-gallery-image elementor-gallery-item__image\" data-thumbnail=\"https:\/\/erdelyitanfolyamok.ro\/wp-content\/uploads\/2022\/03\/unnamed-17-225x300.jpg\" data-width=\"225\" data-height=\"300\" alt=\"\" ><\/div>\n\t\t\t\t\t\t\t\t\t\t<div class=\"elementor-gallery-item__overlay\"><\/div>\n\t\t\t\t\t\t\t\t\t\t\t\t\t\t<\/a>\n\t\t\t\t\t\t\t<a class=\"e-gallery-item elementor-gallery-item elementor-animated-content\" href=\"https:\/\/erdelyitanfolyamok.ro\/wp-content\/uploads\/2022\/03\/IMG_0164-1-scaled.jpg\" data-elementor-open-lightbox=\"yes\" data-elementor-lightbox-slideshow=\"all-34121fe\" data-elementor-lightbox-title=\"IMG_0164\">\n\t\t\t\t\t<div class=\"e-gallery-image elementor-gallery-item__image\" data-thumbnail=\"https:\/\/erdelyitanfolyamok.ro\/wp-content\/uploads\/2022\/03\/IMG_0164-1-225x300.jpg\" data-width=\"225\" data-height=\"300\" alt=\"\" ><\/div>\n\t\t\t\t\t\t\t\t\t\t<div class=\"elementor-gallery-item__overlay\"><\/div>\n\t\t\t\t\t\t\t\t\t\t\t\t\t\t<\/a>\n\t\t\t\t\t\t\t<a class=\"e-gallery-item elementor-gallery-item elementor-animated-content\" href=\"https:\/\/erdelyitanfolyamok.ro\/wp-content\/uploads\/2022\/03\/IMG_0035-2-scaled.jpg\" data-elementor-open-lightbox=\"yes\" data-elementor-lightbox-slideshow=\"all-34121fe\" data-elementor-lightbox-title=\"IMG_0035\">\n\t\t\t\t\t<div class=\"e-gallery-image elementor-gallery-item__image\" data-thumbnail=\"https:\/\/erdelyitanfolyamok.ro\/wp-content\/uploads\/2022\/03\/IMG_0035-2-225x300.jpg\" data-width=\"225\" data-height=\"300\" alt=\"\" ><\/div>\n\t\t\t\t\t\t\t\t\t\t<div class=\"elementor-gallery-item__overlay\"><\/div>\n\t\t\t\t\t\t\t\t\t\t\t\t\t\t<\/a>\n\t\t\t\t\t\t\t<a class=\"e-gallery-item elementor-gallery-item elementor-animated-content\" href=\"https:\/\/erdelyitanfolyamok.ro\/wp-content\/uploads\/2022\/03\/IMG_0034-1-scaled.jpg\" data-elementor-open-lightbox=\"yes\" data-elementor-lightbox-slideshow=\"all-34121fe\" data-elementor-lightbox-title=\"IMG_0034\">\n\t\t\t\t\t<div class=\"e-gallery-image elementor-gallery-item__image\" data-thumbnail=\"https:\/\/erdelyitanfolyamok.ro\/wp-content\/uploads\/2022\/03\/IMG_0034-1-225x300.jpg\" data-width=\"225\" data-height=\"300\" alt=\"\" ><\/div>\n\t\t\t\t\t\t\t\t\t\t<div class=\"elementor-gallery-item__overlay\"><\/div>\n\t\t\t\t\t\t\t\t\t\t\t\t\t\t<\/a>\n\t\t\t\t\t\t\t<a class=\"e-gallery-item elementor-gallery-item elementor-animated-content\" href=\"https:\/\/erdelyitanfolyamok.ro\/wp-content\/uploads\/2022\/03\/IMG_0033-1-scaled.jpg\" data-elementor-open-lightbox=\"yes\" data-elementor-lightbox-slideshow=\"all-34121fe\" data-elementor-lightbox-title=\"IMG_0033\">\n\t\t\t\t\t<div class=\"e-gallery-image elementor-gallery-item__image\" data-thumbnail=\"https:\/\/erdelyitanfolyamok.ro\/wp-content\/uploads\/2022\/03\/IMG_0033-1-225x300.jpg\" data-width=\"225\" data-height=\"300\" alt=\"\" ><\/div>\n\t\t\t\t\t\t\t\t\t\t<div class=\"elementor-gallery-item__overlay\"><\/div>\n\t\t\t\t\t\t\t\t\t\t\t\t\t\t<\/a>\n\t\t\t\t\t\t\t<a class=\"e-gallery-item elementor-gallery-item elementor-animated-content\" href=\"https:\/\/erdelyitanfolyamok.ro\/wp-content\/uploads\/2022\/03\/148213980_1729987333839028_3743538889542342858_n.jpg\" data-elementor-open-lightbox=\"yes\" data-elementor-lightbox-slideshow=\"all-34121fe\" data-elementor-lightbox-title=\"148213980_1729987333839028_3743538889542342858_n\">\n\t\t\t\t\t<div class=\"e-gallery-image elementor-gallery-item__image\" data-thumbnail=\"https:\/\/erdelyitanfolyamok.ro\/wp-content\/uploads\/2022\/03\/148213980_1729987333839028_3743538889542342858_n-242x300.jpg\" data-width=\"242\" data-height=\"300\" alt=\"\" ><\/div>\n\t\t\t\t\t\t\t\t\t\t<div class=\"elementor-gallery-item__overlay\"><\/div>\n\t\t\t\t\t\t\t\t\t\t\t\t\t\t<\/a>\n\t\t\t\t\t\t\t<a class=\"e-gallery-item elementor-gallery-item elementor-animated-content\" href=\"https:\/\/erdelyitanfolyamok.ro\/wp-content\/uploads\/2022\/03\/273905919_1192452688191152_1427642782344125701_n.jpg\" data-elementor-open-lightbox=\"yes\" data-elementor-lightbox-slideshow=\"all-34121fe\" data-elementor-lightbox-title=\"273905919_1192452688191152_1427642782344125701_n\">\n\t\t\t\t\t<div class=\"e-gallery-image elementor-gallery-item__image\" data-thumbnail=\"https:\/\/erdelyitanfolyamok.ro\/wp-content\/uploads\/2022\/03\/273905919_1192452688191152_1427642782344125701_n-225x300.jpg\" data-width=\"225\" data-height=\"300\" alt=\"\" ><\/div>\n\t\t\t\t\t\t\t\t\t\t<div class=\"elementor-gallery-item__overlay\"><\/div>\n\t\t\t\t\t\t\t\t\t\t\t\t\t\t<\/a>\n\t\t\t\t\t\t\t<a class=\"e-gallery-item elementor-gallery-item elementor-animated-content\" href=\"https:\/\/erdelyitanfolyamok.ro\/wp-content\/uploads\/2022\/03\/274234350_1314619389020630_1481295798772748812_n.jpg\" data-elementor-open-lightbox=\"yes\" data-elementor-lightbox-slideshow=\"all-34121fe\" data-elementor-lightbox-title=\"274234350_1314619389020630_1481295798772748812_n\">\n\t\t\t\t\t<div class=\"e-gallery-image elementor-gallery-item__image\" data-thumbnail=\"https:\/\/erdelyitanfolyamok.ro\/wp-content\/uploads\/2022\/03\/274234350_1314619389020630_1481295798772748812_n-206x300.jpg\" data-width=\"206\" data-height=\"300\" alt=\"\" ><\/div>\n\t\t\t\t\t\t\t\t\t\t<div class=\"elementor-gallery-item__overlay\"><\/div>\n\t\t\t\t\t\t\t\t\t\t\t\t\t\t<\/a>\n\t\t\t\t\t\t\t<a class=\"e-gallery-item elementor-gallery-item elementor-animated-content\" href=\"https:\/\/erdelyitanfolyamok.ro\/wp-content\/uploads\/2022\/03\/274465292_989203178355448_3579772229232076720_n.jpg\" data-elementor-open-lightbox=\"yes\" data-elementor-lightbox-slideshow=\"all-34121fe\" data-elementor-lightbox-title=\"274465292_989203178355448_3579772229232076720_n\">\n\t\t\t\t\t<div class=\"e-gallery-image elementor-gallery-item__image\" data-thumbnail=\"https:\/\/erdelyitanfolyamok.ro\/wp-content\/uploads\/2022\/03\/274465292_989203178355448_3579772229232076720_n-225x300.jpg\" data-width=\"225\" data-height=\"300\" alt=\"\" ><\/div>\n\t\t\t\t\t\t\t\t\t\t<div class=\"elementor-gallery-item__overlay\"><\/div>\n\t\t\t\t\t\t\t\t\t\t\t\t\t\t<\/a>\n\t\t\t\t\t\t\t<a class=\"e-gallery-item elementor-gallery-item elementor-animated-content\" href=\"https:\/\/erdelyitanfolyamok.ro\/wp-content\/uploads\/2022\/03\/IMG_20191202_081713-scaled.jpg\" data-elementor-open-lightbox=\"yes\" data-elementor-lightbox-slideshow=\"all-34121fe\" data-elementor-lightbox-title=\"ptr\">\n\t\t\t\t\t<div class=\"e-gallery-image elementor-gallery-item__image\" data-thumbnail=\"https:\/\/erdelyitanfolyamok.ro\/wp-content\/uploads\/2022\/03\/IMG_20191202_081713-300x242.jpg\" data-width=\"300\" data-height=\"242\" alt=\"\" ><\/div>\n\t\t\t\t\t\t\t\t\t\t<div class=\"elementor-gallery-item__overlay\"><\/div>\n\t\t\t\t\t\t\t\t\t\t\t\t\t\t<\/a>\n\t\t\t\t\t\t\t<a class=\"e-gallery-item elementor-gallery-item elementor-animated-content\" href=\"https:\/\/erdelyitanfolyamok.ro\/wp-content\/uploads\/2022\/03\/unnamed-1-9.jpg\" data-elementor-open-lightbox=\"yes\" data-elementor-lightbox-slideshow=\"all-34121fe\" data-elementor-lightbox-title=\"unnamed (1)\">\n\t\t\t\t\t<div class=\"e-gallery-image elementor-gallery-item__image\" data-thumbnail=\"https:\/\/erdelyitanfolyamok.ro\/wp-content\/uploads\/2022\/03\/unnamed-1-9-225x300.jpg\" data-width=\"225\" data-height=\"300\" alt=\"\" ><\/div>\n\t\t\t\t\t\t\t\t\t\t<div class=\"elementor-gallery-item__overlay\"><\/div>\n\t\t\t\t\t\t\t\t\t\t\t\t\t\t<\/a>\n\t\t\t\t\t<\/div>\n\t\t\t<\/div>\n\t\t\t\t<\/div>\n\t\t\t\t\t<\/div>\n\t\t<\/div>\n\t\t\t\t\t\t\t<\/div>\n\t\t<\/section>\n\t\t\t\t\t\t<\/div>\n\t\t\t\t\t<\/div>\n\t\t","protected":false},"excerpt":{"rendered":"<p>COSMETIC\u0102 &#8211; CALIFICARE &#8211; 6 LUNI 7200 lei &#8211; 1200 LEI\/LUNA ORA\u0218E:\u00a0*ODORHEIU SECUIESC, *MIERCUREA CIUC, *SZOVATA, *GHEORGHENI, *T\u00c2RGU MURE\u0218, *T\u00c2RGU SECUIESC, *BARAOLT *SF\u00c2NTU GHEORGHE\u00a0 Cosmetica este un termen care define\u015fte \u00eengrijirea, men\u0163inerea \u015fi \u00eenfrumuse\u0163area corpului uman, precum \u015fi \u00eent\u00e2rzierea apari\u0163iei semnelor b\u0103tr\u00e2ne\u0163ii. Este de asemenea o art\u0103 care corecteaz\u0103 sau atenueaz\u0103 unele imperfec\u0163iuni, iar mijloacele &hellip;<\/p>\n<p class=\"read-more\"> <a class=\"\" href=\"https:\/\/erdelyitanfolyamok.ro\/ro\/cosmetica\/\"> <span class=\"screen-reader-text\">COSMETIC\u0102<\/span> Read More &raquo;<\/a><\/p>\n","protected":false},"author":1,"featured_media":0,"parent":0,"menu_order":0,"comment_status":"closed","ping_status":"closed","template":"","meta":{"site-sidebar-layout":"no-sidebar","site-content-layout":"page-builder","ast-main-header-display":"","ast-hfb-above-header-display":"","ast-hfb-mobile-header-display":"","site-post-title":"disabled","ast-breadcrumbs-content":"","ast-featured-img":"disabled","footer-sml-layout":"","theme-transparent-header-meta":"","adv-header-id-meta":"","stick-header-meta":"","header-above-stick-meta":"","header-main-stick-meta":"","header-below-stick-meta":"","footnotes":""},"class_list":["post-422","page","type-page","status-publish","hentry"],"_links":{"self":[{"href":"https:\/\/erdelyitanfolyamok.ro\/ro\/wp-json\/wp\/v2\/pages\/422","targetHints":{"allow":["GET"]}}],"collection":[{"href":"https:\/\/erdelyitanfolyamok.ro\/ro\/wp-json\/wp\/v2\/pages"}],"about":[{"href":"https:\/\/erdelyitanfolyamok.ro\/ro\/wp-json\/wp\/v2\/types\/page"}],"author":[{"embeddable":true,"href":"https:\/\/erdelyitanfolyamok.ro\/ro\/wp-json\/wp\/v2\/users\/1"}],"replies":[{"embeddable":true,"href":"https:\/\/erdelyitanfolyamok.ro\/ro\/wp-json\/wp\/v2\/comments?post=422"}],"version-history":[{"count":120,"href":"https:\/\/erdelyitanfolyamok.ro\/ro\/wp-json\/wp\/v2\/pages\/422\/revisions"}],"predecessor-version":[{"id":9774,"href":"https:\/\/erdelyitanfolyamok.ro\/ro\/wp-json\/wp\/v2\/pages\/422\/revisions\/9774"}],"wp:attachment":[{"href":"https:\/\/erdelyitanfolyamok.ro\/ro\/wp-json\/wp\/v2\/media?parent=422"}],"curies":[{"name":"wp","href":"https:\/\/api.w.org\/{rel}","templated":true}]}}