{"id":442,"date":"2021-12-20T09:49:47","date_gmt":"2021-12-20T09:49:47","guid":{"rendered":"https:\/\/erdelyitanfolyamok.ro\/index.php\/maistru-instructor\/"},"modified":"2025-08-20T12:25:42","modified_gmt":"2025-08-20T12:25:42","slug":"maistru-instructor","status":"publish","type":"page","link":"https:\/\/erdelyitanfolyamok.ro\/ro\/maistru-instructor\/","title":{"rendered":"MAISTRU INSTRUCTOR"},"content":{"rendered":"\t\t<div data-elementor-type=\"wp-page\" data-elementor-id=\"442\" class=\"elementor elementor-442 elementor-205\" data-elementor-settings=\"[]\">\n\t\t\t\t\t\t\t<div class=\"elementor-section-wrap\">\n\t\t\t\t\t\t\t<section class=\"elementor-section elementor-top-section elementor-element elementor-element-d74ea6c elementor-section-boxed elementor-section-height-default elementor-section-height-default\" data-id=\"d74ea6c\" data-element_type=\"section\" data-settings=\"{&quot;background_background&quot;:&quot;classic&quot;}\">\n\t\t\t\t\t\t<div class=\"elementor-container elementor-column-gap-default\">\n\t\t\t\t\t<div class=\"elementor-column elementor-col-50 elementor-top-column elementor-element elementor-element-dbc54bd\" data-id=\"dbc54bd\" data-element_type=\"column\">\n\t\t\t<div class=\"elementor-widget-wrap elementor-element-populated\">\n\t\t\t\t\t\t\t\t<div class=\"elementor-element elementor-element-685b631 elementor-invisible elementor-widget elementor-widget-heading\" data-id=\"685b631\" data-element_type=\"widget\" data-settings=\"{&quot;_animation&quot;:&quot;fadeInUp&quot;,&quot;_animation_delay&quot;:100}\" data-widget_type=\"heading.default\">\n\t\t\t\t<div class=\"elementor-widget-container\">\n\t\t\t<h1 class=\"elementor-heading-title elementor-size-default\">MAISTRU INSTRUCTOR - INI\u021aIERE 2 LUNI<\/h1>\t\t<\/div>\n\t\t\t\t<\/div>\n\t\t\t\t\t<\/div>\n\t\t<\/div>\n\t\t\t\t<div class=\"elementor-column elementor-col-50 elementor-top-column elementor-element elementor-element-b58274d\" data-id=\"b58274d\" data-element_type=\"column\">\n\t\t\t<div class=\"elementor-widget-wrap elementor-element-populated\">\n\t\t\t\t\t\t\t\t<section class=\"elementor-section elementor-inner-section elementor-element elementor-element-5dbd630 elementor-section-boxed elementor-section-height-default elementor-section-height-default\" data-id=\"5dbd630\" data-element_type=\"section\">\n\t\t\t\t\t\t<div class=\"elementor-container elementor-column-gap-default\">\n\t\t\t\t\t<div class=\"elementor-column elementor-col-50 elementor-inner-column elementor-element elementor-element-60abece\" data-id=\"60abece\" data-element_type=\"column\">\n\t\t\t<div class=\"elementor-widget-wrap elementor-element-populated\">\n\t\t\t\t\t\t\t\t\t<\/div>\n\t\t<\/div>\n\t\t\t\t<div class=\"elementor-column elementor-col-50 elementor-inner-column elementor-element elementor-element-22a89ed\" data-id=\"22a89ed\" data-element_type=\"column\">\n\t\t\t<div class=\"elementor-widget-wrap elementor-element-populated\">\n\t\t\t\t\t\t\t\t<div class=\"elementor-element elementor-element-26a10fa elementor-widget elementor-widget-heading\" data-id=\"26a10fa\" data-element_type=\"widget\" data-widget_type=\"heading.default\">\n\t\t\t\t<div class=\"elementor-widget-container\">\n\t\t\t<h1 class=\"elementor-heading-title elementor-size-default\">2800 LEI<br>1400 lei\/luna<\/h1>\t\t<\/div>\n\t\t\t\t<\/div>\n\t\t\t\t\t<\/div>\n\t\t<\/div>\n\t\t\t\t\t\t\t<\/div>\n\t\t<\/section>\n\t\t\t\t\t<\/div>\n\t\t<\/div>\n\t\t\t\t\t\t\t<\/div>\n\t\t<\/section>\n\t\t\t\t<section class=\"elementor-section elementor-top-section elementor-element elementor-element-e6ca82a elementor-section-boxed elementor-section-height-default elementor-section-height-default\" data-id=\"e6ca82a\" data-element_type=\"section\" data-settings=\"{&quot;background_background&quot;:&quot;classic&quot;}\">\n\t\t\t\t\t\t<div class=\"elementor-container elementor-column-gap-default\">\n\t\t\t\t\t<div class=\"elementor-column elementor-col-100 elementor-top-column elementor-element elementor-element-9648180\" data-id=\"9648180\" data-element_type=\"column\">\n\t\t\t<div class=\"elementor-widget-wrap elementor-element-populated\">\n\t\t\t\t\t\t\t\t<div class=\"elementor-element elementor-element-6f81d1c elementor-widget elementor-widget-text-editor\" data-id=\"6f81d1c\" data-element_type=\"widget\" data-widget_type=\"text-editor.default\">\n\t\t\t\t<div class=\"elementor-widget-container\">\n\t\t\t\t\t\t\t<p>Maistrul instructor deruleaz\u0103 activit\u0103\u021bi cu caracter instructiv educativ, care abordeaz\u0103 urm\u0103toarele cicluri: dezvoltare, observare \u0219i orientare, aprofundare, specializare.<\/p><p><u style=\"font-style: inherit; font-weight: bold;\">\u00a0 SCOPUL CURSULUI:<\/u><span style=\"font-style: inherit; font-weight: bold;\">\u00a0S\u0102 PREG\u0102TIM SPECIALI\u0218TI DE CALITATE CARE DORESC S\u0102 \u00ceNVE\u021aE LA UN NIVEL \u00ceNALT , \u0218I CARE LA SF\u00c2R\u0218ITUL CURSULUI VOR DOB\u00c2NDI TOATE CUNO\u0218TIN\u021aELE NECESARE \u0218I SPECIALE\u00a0 PENTRU A STABILI UN LOC SIGUR \u00ceN PROFESIE PENTRU TOT RESTUL VIE\u021aII!<\/span><\/p>\t\t\t\t\t\t<\/div>\n\t\t\t\t<\/div>\n\t\t\t\t<section class=\"elementor-section elementor-inner-section elementor-element elementor-element-ced37d9 elementor-section-boxed elementor-section-height-default elementor-section-height-default\" data-id=\"ced37d9\" data-element_type=\"section\">\n\t\t\t\t\t\t<div class=\"elementor-container elementor-column-gap-default\">\n\t\t\t\t\t<div class=\"elementor-column elementor-col-50 elementor-inner-column elementor-element elementor-element-7b49a65\" data-id=\"7b49a65\" data-element_type=\"column\">\n\t\t\t<div class=\"elementor-widget-wrap elementor-element-populated\">\n\t\t\t\t\t\t\t\t<div class=\"elementor-element elementor-element-ade5d34 elementor-widget elementor-widget-text-editor\" data-id=\"ade5d34\" data-element_type=\"widget\" data-widget_type=\"text-editor.default\">\n\t\t\t\t<div class=\"elementor-widget-container\">\n\t\t\t\t\t\t\t<p><span style=\"text-decoration: underline; font-size: 19px; color: #b1944f;\">OBIECTIVELE CURSULUI:<\/span><\/p><ul><li>Competen\u0163e de comunicare \u00een limba oficial\u0103<\/li><li>Competen\u0163e de comunicare \u00een limbi str\u0103ine Unitatea<\/li><li>Competen\u0163e de baz\u0103 \u00een matematic\u0103, \u015ftiin\u0163\u0103, tehnologie<\/li><li>Competen\u0163e informatice<\/li><li>Competen\u0163a de a \u00eenv\u0103\u0163a<\/li><li>Competen\u0163e sociale \u015fi civice<\/li><li>Competen\u0163e antreprenoriale<\/li><li>Competen\u0163e de exprimare cultural\u0103<\/li><li>Aplicarea prevederilor legale referitoare la s\u0103n\u0103tatea \u015fi securitatea \u00een munc\u0103 \u015fi PSI<\/li><li>Aplicarea normelor de protec\u0163ie a mediului<\/li><li>Aplicarea procedurilor de calitate specifice domeniului de formare<\/li><li>Proiectarea activit\u0103\u0163ilor de formare<\/li><li>Asigurarea managementului procesului de instruire<\/li><li>Evaluarea activit\u0103\u0163ilor de formare<\/li><li>Asigurarea func\u0163ionalit\u0103\u0163ii utilajelor \u015fi echipamentelor specifice din atelierele\/laboratoarele de lucru<\/li><li>Integrarea TIC \u00een formare<\/li><li>Consilierea formabililor<\/li><li>Dezvoltarea institu\u0163ional\u0103 a organiza\u0163iei \u015fi dezvoltarea de parteneriate organiza\u0163ie-comunitate<\/li><li>Asigurarea managementul carierei \u015fi al dezvolt\u0103rii<\/li><\/ul>\t\t\t\t\t\t<\/div>\n\t\t\t\t<\/div>\n\t\t\t\t\t<\/div>\n\t\t<\/div>\n\t\t\t\t<div class=\"elementor-column elementor-col-50 elementor-inner-column elementor-element elementor-element-dcbd8c4\" data-id=\"dcbd8c4\" data-element_type=\"column\">\n\t\t\t<div class=\"elementor-widget-wrap elementor-element-populated\">\n\t\t\t\t\t\t\t\t<div class=\"elementor-element elementor-element-56617b3 elementor-widget elementor-widget-text-editor\" data-id=\"56617b3\" data-element_type=\"widget\" data-widget_type=\"text-editor.default\">\n\t\t\t\t<div class=\"elementor-widget-container\">\n\t\t\t\t\t\t\t<p><span style=\"text-decoration: underline; font-size: 19px; color: #b1944f;\">DOCUMENTE NECESARE PENTRU \u00ceNSCRIERE:<\/span><\/p><ul><li>Copie dup\u0103 Carte de Identitate<\/li><li>Copie dup\u0103 certificatul de na\u0219tere \u0219i de c\u0103s\u0103torie, dup\u0103 caz<\/li><li>Copie dup\u0103 ultima diploma de studii \u2013 sau foaie matricol\u0103 ( XII clase, pentru ob\u021binerea certificatului de absolvire )<\/li><li>Adeverinta medical\u0103 \u2013 apt pentru curs<\/li><\/ul><div><p style=\"font-size: 15px; font-style: normal; font-weight: 400; color: #ecdb94; background-color: #020201;\"><span style=\"color: #b1944f;\">+ 180 lei tax\u0103 de \u00eenscriere<\/span><\/p><p style=\"font-size: 15px; font-style: normal; font-weight: 400; color: #ecdb94; background-color: #020201;\">\u2013 Cursul se poate pl\u0103ti \u00een rate, lunar<\/p><p style=\"font-size: 15px; font-style: normal; font-weight: 400; background-color: #020201; color: #b1944f;\">\u00a0 \u00a0 \u00a0 \u00a0 \u00a0 \u00a0 \u00a0 \u00a0 \u00a0 \u00a0 \u00a0 \u00a0 \u00a0 \u00a0 \u00a0 \u00a0 \u00a0 \u00a0 \u00a0 \u00a0<span style=\"font-size: 20px;\">\u00a0TEL. 0744 583 220<\/span><\/p><\/div>\t\t\t\t\t\t<\/div>\n\t\t\t\t<\/div>\n\t\t\t\t\t<\/div>\n\t\t<\/div>\n\t\t\t\t\t\t\t<\/div>\n\t\t<\/section>\n\t\t\t\t<div class=\"elementor-element elementor-element-d3da8c2 elementor-widget elementor-widget-gallery\" data-id=\"d3da8c2\" data-element_type=\"widget\" data-settings=\"{&quot;gallery_layout&quot;:&quot;justified&quot;,&quot;ideal_row_height&quot;:{&quot;unit&quot;:&quot;px&quot;,&quot;size&quot;:160,&quot;sizes&quot;:[]},&quot;gap&quot;:{&quot;unit&quot;:&quot;px&quot;,&quot;size&quot;:5,&quot;sizes&quot;:[]},&quot;ideal_row_height_mobile&quot;:{&quot;unit&quot;:&quot;px&quot;,&quot;size&quot;:130,&quot;sizes&quot;:[]},&quot;gap_mobile&quot;:{&quot;unit&quot;:&quot;px&quot;,&quot;size&quot;:5,&quot;sizes&quot;:[]},&quot;lazyload&quot;:&quot;yes&quot;,&quot;ideal_row_height_tablet&quot;:{&quot;unit&quot;:&quot;px&quot;,&quot;size&quot;:150,&quot;sizes&quot;:[]},&quot;gap_tablet&quot;:{&quot;unit&quot;:&quot;px&quot;,&quot;size&quot;:10,&quot;sizes&quot;:[]},&quot;link_to&quot;:&quot;file&quot;,&quot;overlay_background&quot;:&quot;yes&quot;,&quot;content_hover_animation&quot;:&quot;fade-in&quot;}\" data-widget_type=\"gallery.default\">\n\t\t\t\t<div class=\"elementor-widget-container\">\n\t\t\t\t\t<div class=\"elementor-gallery__container\">\n\t\t\t\t\t\t\t<a class=\"e-gallery-item elementor-gallery-item elementor-animated-content\" href=\"https:\/\/erdelyitanfolyamok.ro\/wp-content\/uploads\/2022\/02\/273723425_675787217108494_245823233899920153_n-3.jpg\" data-elementor-open-lightbox=\"yes\" data-elementor-lightbox-slideshow=\"all-d3da8c2\" data-elementor-lightbox-title=\"273723425_675787217108494_245823233899920153_n\">\n\t\t\t\t\t<div class=\"e-gallery-image elementor-gallery-item__image\" data-thumbnail=\"https:\/\/erdelyitanfolyamok.ro\/wp-content\/uploads\/2022\/02\/273723425_675787217108494_245823233899920153_n-3-225x300.jpg\" data-width=\"225\" data-height=\"300\" alt=\"\" ><\/div>\n\t\t\t\t\t\t\t\t\t\t<div class=\"elementor-gallery-item__overlay\"><\/div>\n\t\t\t\t\t\t\t\t\t\t\t\t\t\t<\/a>\n\t\t\t\t\t\t\t<a class=\"e-gallery-item elementor-gallery-item elementor-animated-content\" href=\"https:\/\/erdelyitanfolyamok.ro\/wp-content\/uploads\/2022\/02\/1000-3.jpg\" data-elementor-open-lightbox=\"yes\" data-elementor-lightbox-slideshow=\"all-d3da8c2\" data-elementor-lightbox-title=\"1000\">\n\t\t\t\t\t<div class=\"e-gallery-image elementor-gallery-item__image\" data-thumbnail=\"https:\/\/erdelyitanfolyamok.ro\/wp-content\/uploads\/2022\/02\/1000-3-300x225.jpg\" data-width=\"300\" data-height=\"225\" alt=\"\" ><\/div>\n\t\t\t\t\t\t\t\t\t\t<div class=\"elementor-gallery-item__overlay\"><\/div>\n\t\t\t\t\t\t\t\t\t\t\t\t\t\t<\/a>\n\t\t\t\t\t\t\t<a class=\"e-gallery-item elementor-gallery-item elementor-animated-content\" href=\"https:\/\/erdelyitanfolyamok.ro\/wp-content\/uploads\/2022\/02\/ELMELET-WEB-2.jpg\" data-elementor-open-lightbox=\"yes\" data-elementor-lightbox-slideshow=\"all-d3da8c2\" data-elementor-lightbox-title=\"ELM\u00c9LET WEB\">\n\t\t\t\t\t<div class=\"e-gallery-image elementor-gallery-item__image\" data-thumbnail=\"https:\/\/erdelyitanfolyamok.ro\/wp-content\/uploads\/2022\/02\/ELMELET-WEB-2-225x300.jpg\" data-width=\"225\" data-height=\"300\" alt=\"\" ><\/div>\n\t\t\t\t\t\t\t\t\t\t<div class=\"elementor-gallery-item__overlay\"><\/div>\n\t\t\t\t\t\t\t\t\t\t\t\t\t\t<\/a>\n\t\t\t\t\t\t\t<a class=\"e-gallery-item elementor-gallery-item elementor-animated-content\" href=\"https:\/\/erdelyitanfolyamok.ro\/wp-content\/uploads\/2022\/02\/273832952_254660676847008_4543595495196604716_n-2.jpg\" data-elementor-open-lightbox=\"yes\" data-elementor-lightbox-slideshow=\"all-d3da8c2\" data-elementor-lightbox-title=\"273832952_254660676847008_4543595495196604716_n\">\n\t\t\t\t\t<div class=\"e-gallery-image elementor-gallery-item__image\" data-thumbnail=\"https:\/\/erdelyitanfolyamok.ro\/wp-content\/uploads\/2022\/02\/273832952_254660676847008_4543595495196604716_n-2-300x225.jpg\" data-width=\"300\" data-height=\"225\" alt=\"\" ><\/div>\n\t\t\t\t\t\t\t\t\t\t<div class=\"elementor-gallery-item__overlay\"><\/div>\n\t\t\t\t\t\t\t\t\t\t\t\t\t\t<\/a>\n\t\t\t\t\t<\/div>\n\t\t\t<\/div>\n\t\t\t\t<\/div>\n\t\t\t\t\t<\/div>\n\t\t<\/div>\n\t\t\t\t\t\t\t<\/div>\n\t\t<\/section>\n\t\t\t\t\t\t<\/div>\n\t\t\t\t\t<\/div>\n\t\t","protected":false},"excerpt":{"rendered":"<p>MAISTRU INSTRUCTOR &#8211; INI\u021aIERE 2 LUNI 2800 LEI1400 lei\/luna Maistrul instructor deruleaz\u0103 activit\u0103\u021bi cu caracter instructiv educativ, care abordeaz\u0103 urm\u0103toarele cicluri: dezvoltare, observare \u0219i orientare, aprofundare, specializare. \u00a0 SCOPUL CURSULUI:\u00a0S\u0102 PREG\u0102TIM SPECIALI\u0218TI DE CALITATE CARE DORESC S\u0102 \u00ceNVE\u021aE LA UN NIVEL \u00ceNALT , \u0218I CARE LA SF\u00c2R\u0218ITUL CURSULUI VOR DOB\u00c2NDI TOATE CUNO\u0218TIN\u021aELE NECESARE \u0218I SPECIALE\u00a0 &hellip;<\/p>\n<p class=\"read-more\"> <a class=\"\" href=\"https:\/\/erdelyitanfolyamok.ro\/ro\/maistru-instructor\/\"> <span class=\"screen-reader-text\">MAISTRU INSTRUCTOR<\/span> Read More &raquo;<\/a><\/p>\n","protected":false},"author":1,"featured_media":0,"parent":0,"menu_order":0,"comment_status":"closed","ping_status":"closed","template":"","meta":{"site-sidebar-layout":"no-sidebar","site-content-layout":"page-builder","ast-main-header-display":"","ast-hfb-above-header-display":"","ast-hfb-mobile-header-display":"","site-post-title":"disabled","ast-breadcrumbs-content":"","ast-featured-img":"disabled","footer-sml-layout":"","theme-transparent-header-meta":"","adv-header-id-meta":"","stick-header-meta":"","header-above-stick-meta":"","header-main-stick-meta":"","header-below-stick-meta":"","footnotes":""},"class_list":["post-442","page","type-page","status-publish","hentry"],"_links":{"self":[{"href":"https:\/\/erdelyitanfolyamok.ro\/ro\/wp-json\/wp\/v2\/pages\/442","targetHints":{"allow":["GET"]}}],"collection":[{"href":"https:\/\/erdelyitanfolyamok.ro\/ro\/wp-json\/wp\/v2\/pages"}],"about":[{"href":"https:\/\/erdelyitanfolyamok.ro\/ro\/wp-json\/wp\/v2\/types\/page"}],"author":[{"embeddable":true,"href":"https:\/\/erdelyitanfolyamok.ro\/ro\/wp-json\/wp\/v2\/users\/1"}],"replies":[{"embeddable":true,"href":"https:\/\/erdelyitanfolyamok.ro\/ro\/wp-json\/wp\/v2\/comments?post=442"}],"version-history":[{"count":99,"href":"https:\/\/erdelyitanfolyamok.ro\/ro\/wp-json\/wp\/v2\/pages\/442\/revisions"}],"predecessor-version":[{"id":9780,"href":"https:\/\/erdelyitanfolyamok.ro\/ro\/wp-json\/wp\/v2\/pages\/442\/revisions\/9780"}],"wp:attachment":[{"href":"https:\/\/erdelyitanfolyamok.ro\/ro\/wp-json\/wp\/v2\/media?parent=442"}],"curies":[{"name":"wp","href":"https:\/\/api.w.org\/{rel}","templated":true}]}}