{"id":454,"date":"2021-12-20T10:03:15","date_gmt":"2021-12-20T10:03:15","guid":{"rendered":"https:\/\/erdelyitanfolyamok.ro\/index.php\/stilizare-sprancene\/"},"modified":"2024-11-08T19:50:43","modified_gmt":"2024-11-08T19:50:43","slug":"stilizare-sprancene","status":"publish","type":"page","link":"https:\/\/erdelyitanfolyamok.ro\/ro\/stilizare-sprancene\/","title":{"rendered":"STILIZARE SPR\u00c2NCENE"},"content":{"rendered":"\t\t<div data-elementor-type=\"wp-page\" data-elementor-id=\"454\" class=\"elementor elementor-454 elementor-211\" data-elementor-settings=\"[]\">\n\t\t\t\t\t\t\t<div class=\"elementor-section-wrap\">\n\t\t\t\t\t\t\t<section class=\"elementor-section elementor-top-section elementor-element elementor-element-f290346 elementor-section-boxed elementor-section-height-default elementor-section-height-default\" data-id=\"f290346\" data-element_type=\"section\" data-settings=\"{&quot;background_background&quot;:&quot;classic&quot;}\">\n\t\t\t\t\t\t<div class=\"elementor-container elementor-column-gap-default\">\n\t\t\t\t\t<div class=\"elementor-column elementor-col-50 elementor-top-column elementor-element elementor-element-7f94d67\" data-id=\"7f94d67\" data-element_type=\"column\">\n\t\t\t<div class=\"elementor-widget-wrap elementor-element-populated\">\n\t\t\t\t\t\t\t\t<div class=\"elementor-element elementor-element-537208b elementor-invisible elementor-widget elementor-widget-heading\" data-id=\"537208b\" data-element_type=\"widget\" data-settings=\"{&quot;_animation&quot;:&quot;fadeInUp&quot;,&quot;_animation_delay&quot;:100}\" data-widget_type=\"heading.default\">\n\t\t\t\t<div class=\"elementor-widget-container\">\n\t\t\t<h1 class=\"elementor-heading-title elementor-size-default\">STILIZARE SPR\u00c2NCENE - 1 ZI<\/h1>\t\t<\/div>\n\t\t\t\t<\/div>\n\t\t\t\t\t<\/div>\n\t\t<\/div>\n\t\t\t\t<div class=\"elementor-column elementor-col-50 elementor-top-column elementor-element elementor-element-2334658\" data-id=\"2334658\" data-element_type=\"column\">\n\t\t\t<div class=\"elementor-widget-wrap elementor-element-populated\">\n\t\t\t\t\t\t\t\t<section class=\"elementor-section elementor-inner-section elementor-element elementor-element-3cd83e3 elementor-section-boxed elementor-section-height-default elementor-section-height-default\" data-id=\"3cd83e3\" data-element_type=\"section\">\n\t\t\t\t\t\t<div class=\"elementor-container elementor-column-gap-default\">\n\t\t\t\t\t<div class=\"elementor-column elementor-col-50 elementor-inner-column elementor-element elementor-element-75637a4\" data-id=\"75637a4\" data-element_type=\"column\">\n\t\t\t<div class=\"elementor-widget-wrap elementor-element-populated\">\n\t\t\t\t\t\t\t\t\t<\/div>\n\t\t<\/div>\n\t\t\t\t<div class=\"elementor-column elementor-col-50 elementor-inner-column elementor-element elementor-element-b5373e7\" data-id=\"b5373e7\" data-element_type=\"column\">\n\t\t\t<div class=\"elementor-widget-wrap elementor-element-populated\">\n\t\t\t\t\t\t\t\t<div class=\"elementor-element elementor-element-9d97790 elementor-widget elementor-widget-heading\" data-id=\"9d97790\" data-element_type=\"widget\" data-widget_type=\"heading.default\">\n\t\t\t\t<div class=\"elementor-widget-container\">\n\t\t\t<h1 class=\"elementor-heading-title elementor-size-default\">850 LEI<\/h1>\t\t<\/div>\n\t\t\t\t<\/div>\n\t\t\t\t\t<\/div>\n\t\t<\/div>\n\t\t\t\t\t\t\t<\/div>\n\t\t<\/section>\n\t\t\t\t\t<\/div>\n\t\t<\/div>\n\t\t\t\t\t\t\t<\/div>\n\t\t<\/section>\n\t\t\t\t<section class=\"elementor-section elementor-top-section elementor-element elementor-element-ffc3e75 elementor-section-boxed elementor-section-height-default elementor-section-height-default\" data-id=\"ffc3e75\" data-element_type=\"section\" data-settings=\"{&quot;background_background&quot;:&quot;classic&quot;}\">\n\t\t\t\t\t\t<div class=\"elementor-container elementor-column-gap-default\">\n\t\t\t\t\t<div class=\"elementor-column elementor-col-100 elementor-top-column elementor-element elementor-element-3415ef2\" data-id=\"3415ef2\" data-element_type=\"column\">\n\t\t\t<div class=\"elementor-widget-wrap elementor-element-populated\">\n\t\t\t\t\t\t\t\t<div class=\"elementor-element elementor-element-2b72178 elementor-widget elementor-widget-text-editor\" data-id=\"2b72178\" data-element_type=\"widget\" data-widget_type=\"text-editor.default\">\n\t\t\t\t<div class=\"elementor-widget-container\">\n\t\t\t\t\t\t\t<ul>\n<li>Forma spr\u00e2ncenelor este foarte important\u0103 pentru armonia \u0219i simetria tr\u0103s\u0103turilor. Spr\u00e2ncenele se smulg repede \u0219i cresc greu, tocmai de aceea trebuie s\u0103 te asiguri c\u0103 \u00eenve\u021bi \u0219i deprinzi \u00een mod corect secretele pensatului \u0219i a stiliz\u0103rii.<\/li>\n<\/ul>\n<p><span style=\"text-decoration: underline; font-size: 19px; color: #b1944f;\">OBIECTIVELE CURSULUI:<\/span><\/p>\n<p><span style=\"text-decoration: underline; font-size: 19px; color: #b1944f;\">DOCUMENTE NECESARE PENTRU \u00ceNSCRIERE:<\/span><\/p>\n<ul>\n<li style=\"list-style-type: none;\">\n<\/li>\n<ul>\n<li>Copie dup\u0103 Carte de Identitate<\/li>\n<li>Copie dup\u0103 certificatul de na\u0219tere \u0219i de c\u0103s\u0103torie, dup\u0103 caz<\/li>\n<li>Copie dup\u0103 ultima diploma de studii \u2013 sau foaie matricol\u0103 ( XII clase, pentru ob\u021binerea certificatului de absolvire )<\/li>\n<li>Adeverinta medical\u0103 \u2013 apt pentru curs<\/li>\n<\/ul>\n<\/ul>\n<div>\n<p style=\"font-size: 15px; font-style: normal; font-weight: 400; color: rgb(236, 219, 148); background-color: rgb(2, 2, 1);\"><span style=\"color: rgb(177, 148, 79);\">+ 100 lei tax\u0103 de \u00eenscriere<\/span><\/p>\n<p style=\"font-size: 15px; font-style: normal; font-weight: 400; background-color: rgb(2, 2, 1); color: rgb(177, 148, 79);\">&nbsp; &nbsp; &nbsp; &nbsp; &nbsp; &nbsp; &nbsp; &nbsp; &nbsp; &nbsp; &nbsp; &nbsp; &nbsp; &nbsp; &nbsp; &nbsp; &nbsp; &nbsp; &nbsp; &nbsp;<span style=\"font-size: 20px;\">&nbsp;TEL. 0744 583 220<\/span><\/p>\n<\/div>\t\t\t\t\t\t<\/div>\n\t\t\t\t<\/div>\n\t\t\t\t<div class=\"elementor-element elementor-element-252c2ec elementor-widget elementor-widget-spacer\" data-id=\"252c2ec\" data-element_type=\"widget\" data-widget_type=\"spacer.default\">\n\t\t\t\t<div class=\"elementor-widget-container\">\n\t\t\t\t\t<div class=\"elementor-spacer\">\n\t\t\t<div class=\"elementor-spacer-inner\"><\/div>\n\t\t<\/div>\n\t\t\t\t<\/div>\n\t\t\t\t<\/div>\n\t\t\t\t<div class=\"elementor-element elementor-element-323fc97 elementor-widget elementor-widget-gallery\" data-id=\"323fc97\" data-element_type=\"widget\" data-settings=\"{&quot;gallery_layout&quot;:&quot;justified&quot;,&quot;ideal_row_height&quot;:{&quot;unit&quot;:&quot;px&quot;,&quot;size&quot;:160,&quot;sizes&quot;:[]},&quot;gap&quot;:{&quot;unit&quot;:&quot;px&quot;,&quot;size&quot;:5,&quot;sizes&quot;:[]},&quot;ideal_row_height_mobile&quot;:{&quot;unit&quot;:&quot;px&quot;,&quot;size&quot;:130,&quot;sizes&quot;:[]},&quot;gap_mobile&quot;:{&quot;unit&quot;:&quot;px&quot;,&quot;size&quot;:5,&quot;sizes&quot;:[]},&quot;lazyload&quot;:&quot;yes&quot;,&quot;ideal_row_height_tablet&quot;:{&quot;unit&quot;:&quot;px&quot;,&quot;size&quot;:150,&quot;sizes&quot;:[]},&quot;gap_tablet&quot;:{&quot;unit&quot;:&quot;px&quot;,&quot;size&quot;:10,&quot;sizes&quot;:[]},&quot;link_to&quot;:&quot;file&quot;,&quot;overlay_background&quot;:&quot;yes&quot;,&quot;content_hover_animation&quot;:&quot;fade-in&quot;}\" data-widget_type=\"gallery.default\">\n\t\t\t\t<div class=\"elementor-widget-container\">\n\t\t\t\t\t<div class=\"elementor-gallery__container\">\n\t\t\t\t\t\t\t<a class=\"e-gallery-item elementor-gallery-item elementor-animated-content\" href=\"https:\/\/erdelyitanfolyamok.ro\/wp-content\/uploads\/2022\/02\/88236440_1440535636117534_8353999982457520128_n-1.jpg\" data-elementor-open-lightbox=\"yes\" data-elementor-lightbox-slideshow=\"all-323fc97\" data-elementor-lightbox-title=\"88236440_1440535636117534_8353999982457520128_n\">\n\t\t\t\t\t<div class=\"e-gallery-image elementor-gallery-item__image\" data-thumbnail=\"https:\/\/erdelyitanfolyamok.ro\/wp-content\/uploads\/2022\/02\/88236440_1440535636117534_8353999982457520128_n-1-300x285.jpg\" data-width=\"300\" data-height=\"285\" alt=\"\" ><\/div>\n\t\t\t\t\t\t\t\t\t\t<div class=\"elementor-gallery-item__overlay\"><\/div>\n\t\t\t\t\t\t\t\t\t\t\t\t\t\t<\/a>\n\t\t\t\t\t\t\t<a class=\"e-gallery-item elementor-gallery-item elementor-animated-content\" href=\"https:\/\/erdelyitanfolyamok.ro\/wp-content\/uploads\/2022\/02\/273805623_647512683223936_8704877417735288798_n-1.jpg\" data-elementor-open-lightbox=\"yes\" data-elementor-lightbox-slideshow=\"all-323fc97\" data-elementor-lightbox-title=\"273805623_647512683223936_8704877417735288798_n\">\n\t\t\t\t\t<div class=\"e-gallery-image elementor-gallery-item__image\" data-thumbnail=\"https:\/\/erdelyitanfolyamok.ro\/wp-content\/uploads\/2022\/02\/273805623_647512683223936_8704877417735288798_n-1-225x300.jpg\" data-width=\"225\" data-height=\"300\" alt=\"\" ><\/div>\n\t\t\t\t\t\t\t\t\t\t<div class=\"elementor-gallery-item__overlay\"><\/div>\n\t\t\t\t\t\t\t\t\t\t\t\t\t\t<\/a>\n\t\t\t\t\t\t\t<a class=\"e-gallery-item elementor-gallery-item elementor-animated-content\" href=\"https:\/\/erdelyitanfolyamok.ro\/wp-content\/uploads\/2022\/02\/274123235_319463466810538_8895140005982777493_n-1.jpg\" data-elementor-open-lightbox=\"yes\" data-elementor-lightbox-slideshow=\"all-323fc97\" data-elementor-lightbox-title=\"274123235_319463466810538_8895140005982777493_n\">\n\t\t\t\t\t<div class=\"e-gallery-image elementor-gallery-item__image\" data-thumbnail=\"https:\/\/erdelyitanfolyamok.ro\/wp-content\/uploads\/2022\/02\/274123235_319463466810538_8895140005982777493_n-1-225x300.jpg\" data-width=\"225\" data-height=\"300\" alt=\"\" ><\/div>\n\t\t\t\t\t\t\t\t\t\t<div class=\"elementor-gallery-item__overlay\"><\/div>\n\t\t\t\t\t\t\t\t\t\t\t\t\t\t<\/a>\n\t\t\t\t\t\t\t<a class=\"e-gallery-item elementor-gallery-item elementor-animated-content\" href=\"https:\/\/erdelyitanfolyamok.ro\/wp-content\/uploads\/2022\/02\/IMG_20210303_164044-4-scaled.jpg\" data-elementor-open-lightbox=\"yes\" data-elementor-lightbox-slideshow=\"all-323fc97\" data-elementor-lightbox-title=\"IMG_20210303_164044\">\n\t\t\t\t\t<div class=\"e-gallery-image elementor-gallery-item__image\" data-thumbnail=\"https:\/\/erdelyitanfolyamok.ro\/wp-content\/uploads\/2022\/02\/IMG_20210303_164044-4-225x300.jpg\" data-width=\"225\" data-height=\"300\" alt=\"\" ><\/div>\n\t\t\t\t\t\t\t\t\t\t<div class=\"elementor-gallery-item__overlay\"><\/div>\n\t\t\t\t\t\t\t\t\t\t\t\t\t\t<\/a>\n\t\t\t\t\t\t\t<a class=\"e-gallery-item elementor-gallery-item elementor-animated-content\" href=\"https:\/\/erdelyitanfolyamok.ro\/wp-content\/uploads\/2022\/03\/IMG_0033-3-scaled.jpg\" data-elementor-open-lightbox=\"yes\" data-elementor-lightbox-slideshow=\"all-323fc97\" data-elementor-lightbox-title=\"IMG_0033\">\n\t\t\t\t\t<div class=\"e-gallery-image elementor-gallery-item__image\" data-thumbnail=\"https:\/\/erdelyitanfolyamok.ro\/wp-content\/uploads\/2022\/03\/IMG_0033-3-225x300.jpg\" data-width=\"225\" data-height=\"300\" alt=\"\" ><\/div>\n\t\t\t\t\t\t\t\t\t\t<div class=\"elementor-gallery-item__overlay\"><\/div>\n\t\t\t\t\t\t\t\t\t\t\t\t\t\t<\/a>\n\t\t\t\t\t\t\t<a class=\"e-gallery-item elementor-gallery-item elementor-animated-content\" href=\"https:\/\/erdelyitanfolyamok.ro\/wp-content\/uploads\/2022\/03\/274234350_1314619389020630_1481295798772748812_n-1.jpg\" data-elementor-open-lightbox=\"yes\" data-elementor-lightbox-slideshow=\"all-323fc97\" data-elementor-lightbox-title=\"274234350_1314619389020630_1481295798772748812_n\">\n\t\t\t\t\t<div class=\"e-gallery-image elementor-gallery-item__image\" data-thumbnail=\"https:\/\/erdelyitanfolyamok.ro\/wp-content\/uploads\/2022\/03\/274234350_1314619389020630_1481295798772748812_n-1-206x300.jpg\" data-width=\"206\" data-height=\"300\" alt=\"\" ><\/div>\n\t\t\t\t\t\t\t\t\t\t<div class=\"elementor-gallery-item__overlay\"><\/div>\n\t\t\t\t\t\t\t\t\t\t\t\t\t\t<\/a>\n\t\t\t\t\t<\/div>\n\t\t\t<\/div>\n\t\t\t\t<\/div>\n\t\t\t\t\t<\/div>\n\t\t<\/div>\n\t\t\t\t\t\t\t<\/div>\n\t\t<\/section>\n\t\t\t\t\t\t<\/div>\n\t\t\t\t\t<\/div>\n\t\t","protected":false},"excerpt":{"rendered":"<p>STILIZARE SPR\u00c2NCENE &#8211; 1 ZI 850 LEI Forma spr\u00e2ncenelor este foarte important\u0103 pentru armonia \u0219i simetria tr\u0103s\u0103turilor. Spr\u00e2ncenele se smulg repede \u0219i cresc greu, tocmai de aceea trebuie s\u0103 te asiguri c\u0103 \u00eenve\u021bi \u0219i deprinzi \u00een mod corect secretele pensatului \u0219i a stiliz\u0103rii. OBIECTIVELE CURSULUI: DOCUMENTE NECESARE PENTRU \u00ceNSCRIERE: Copie dup\u0103 Carte de Identitate Copie &hellip;<\/p>\n<p class=\"read-more\"> <a class=\"\" href=\"https:\/\/erdelyitanfolyamok.ro\/ro\/stilizare-sprancene\/\"> <span class=\"screen-reader-text\">STILIZARE SPR\u00c2NCENE<\/span> Read More &raquo;<\/a><\/p>\n","protected":false},"author":1,"featured_media":0,"parent":0,"menu_order":0,"comment_status":"closed","ping_status":"closed","template":"","meta":{"site-sidebar-layout":"no-sidebar","site-content-layout":"page-builder","ast-main-header-display":"","ast-hfb-above-header-display":"","ast-hfb-mobile-header-display":"","site-post-title":"disabled","ast-breadcrumbs-content":"","ast-featured-img":"disabled","footer-sml-layout":"","theme-transparent-header-meta":"","adv-header-id-meta":"","stick-header-meta":"","header-above-stick-meta":"","header-main-stick-meta":"","header-below-stick-meta":"","footnotes":""},"class_list":["post-454","page","type-page","status-publish","hentry"],"_links":{"self":[{"href":"https:\/\/erdelyitanfolyamok.ro\/ro\/wp-json\/wp\/v2\/pages\/454","targetHints":{"allow":["GET"]}}],"collection":[{"href":"https:\/\/erdelyitanfolyamok.ro\/ro\/wp-json\/wp\/v2\/pages"}],"about":[{"href":"https:\/\/erdelyitanfolyamok.ro\/ro\/wp-json\/wp\/v2\/types\/page"}],"author":[{"embeddable":true,"href":"https:\/\/erdelyitanfolyamok.ro\/ro\/wp-json\/wp\/v2\/users\/1"}],"replies":[{"embeddable":true,"href":"https:\/\/erdelyitanfolyamok.ro\/ro\/wp-json\/wp\/v2\/comments?post=454"}],"version-history":[{"count":93,"href":"https:\/\/erdelyitanfolyamok.ro\/ro\/wp-json\/wp\/v2\/pages\/454\/revisions"}],"predecessor-version":[{"id":9157,"href":"https:\/\/erdelyitanfolyamok.ro\/ro\/wp-json\/wp\/v2\/pages\/454\/revisions\/9157"}],"wp:attachment":[{"href":"https:\/\/erdelyitanfolyamok.ro\/ro\/wp-json\/wp\/v2\/media?parent=454"}],"curies":[{"name":"wp","href":"https:\/\/api.w.org\/{rel}","templated":true}]}}