{"id":460,"date":"2021-12-20T10:10:31","date_gmt":"2021-12-20T10:10:31","guid":{"rendered":"https:\/\/erdelyitanfolyamok.ro\/index.php\/inscriere\/"},"modified":"2024-11-09T11:33:13","modified_gmt":"2024-11-09T11:33:13","slug":"inscriere","status":"publish","type":"page","link":"https:\/\/erdelyitanfolyamok.ro\/ro\/inscriere\/","title":{"rendered":"\u00ceNSCRIERE"},"content":{"rendered":"\t\t<div data-elementor-type=\"wp-page\" data-elementor-id=\"460\" class=\"elementor elementor-460 elementor-219\" data-elementor-settings=\"[]\">\n\t\t\t\t\t\t\t<div class=\"elementor-section-wrap\">\n\t\t\t\t\t\t\t<section class=\"elementor-section elementor-top-section elementor-element elementor-element-f301840 elementor-section-boxed elementor-section-height-default elementor-section-height-default\" data-id=\"f301840\" data-element_type=\"section\" data-settings=\"{&quot;background_background&quot;:&quot;classic&quot;}\">\n\t\t\t\t\t\t<div class=\"elementor-container elementor-column-gap-default\">\n\t\t\t\t\t<div class=\"elementor-column elementor-col-100 elementor-top-column elementor-element elementor-element-0998142\" data-id=\"0998142\" data-element_type=\"column\">\n\t\t\t<div class=\"elementor-widget-wrap elementor-element-populated\">\n\t\t\t\t\t\t\t\t<div class=\"elementor-element elementor-element-0123089 elementor-invisible elementor-widget elementor-widget-heading\" data-id=\"0123089\" data-element_type=\"widget\" data-settings=\"{&quot;_animation&quot;:&quot;fadeInUp&quot;,&quot;_animation_delay&quot;:100}\" data-widget_type=\"heading.default\">\n\t\t\t\t<div class=\"elementor-widget-container\">\n\t\t\t<h1 class=\"elementor-heading-title elementor-size-xxl\">\u00ceNSCRIERE<br><br><br>MESSENGER\/ Pag. Facebook:<br> ,,T\u00dcND\u00c9RKERT OKTAT\u00c1SI K\u00d6ZPONT\" <br><br><br><br>TEL: 0744 583 220<br><span style=\"background-color: rgb(2, 2, 1); font-size: 15px; text-align: start; white-space-collapse: collapse;\">&nbsp; &nbsp; &nbsp; &nbsp; &nbsp; &nbsp; &nbsp; &nbsp; &nbsp; &nbsp; &nbsp; &nbsp; &nbsp; &nbsp; &nbsp; &nbsp; &nbsp; &nbsp; &nbsp; &nbsp;<\/span><span style=\"text-align: start; white-space-collapse: collapse; font-size: 20px;\">&nbsp;<\/span><\/h1>\t\t<\/div>\n\t\t\t\t<\/div>\n\t\t\t\t\t<\/div>\n\t\t<\/div>\n\t\t\t\t\t\t\t<\/div>\n\t\t<\/section>\n\t\t\t\t\t\t<\/div>\n\t\t\t\t\t<\/div>\n\t\t","protected":false},"excerpt":{"rendered":"<p>\u00ceNSCRIERE MESSENGER\/ Pag. Facebook: ,,T\u00dcND\u00c9RKERT OKTAT\u00c1SI K\u00d6ZPONT&#8221; TEL: 0744 583 220&nbsp; &nbsp; &nbsp; &nbsp; &nbsp; &nbsp; &nbsp; &nbsp; &nbsp; &nbsp; &nbsp; &nbsp; &nbsp; &nbsp; &nbsp; &nbsp; &nbsp; &nbsp; &nbsp; &nbsp;&nbsp;<\/p>\n","protected":false},"author":1,"featured_media":0,"parent":0,"menu_order":0,"comment_status":"closed","ping_status":"closed","template":"","meta":{"site-sidebar-layout":"no-sidebar","site-content-layout":"page-builder","ast-main-header-display":"","ast-hfb-above-header-display":"","ast-hfb-mobile-header-display":"","site-post-title":"disabled","ast-breadcrumbs-content":"","ast-featured-img":"disabled","footer-sml-layout":"","theme-transparent-header-meta":"","adv-header-id-meta":"","stick-header-meta":"","header-above-stick-meta":"","header-main-stick-meta":"","header-below-stick-meta":"","footnotes":""},"class_list":["post-460","page","type-page","status-publish","hentry"],"_links":{"self":[{"href":"https:\/\/erdelyitanfolyamok.ro\/ro\/wp-json\/wp\/v2\/pages\/460","targetHints":{"allow":["GET"]}}],"collection":[{"href":"https:\/\/erdelyitanfolyamok.ro\/ro\/wp-json\/wp\/v2\/pages"}],"about":[{"href":"https:\/\/erdelyitanfolyamok.ro\/ro\/wp-json\/wp\/v2\/types\/page"}],"author":[{"embeddable":true,"href":"https:\/\/erdelyitanfolyamok.ro\/ro\/wp-json\/wp\/v2\/users\/1"}],"replies":[{"embeddable":true,"href":"https:\/\/erdelyitanfolyamok.ro\/ro\/wp-json\/wp\/v2\/comments?post=460"}],"version-history":[{"count":45,"href":"https:\/\/erdelyitanfolyamok.ro\/ro\/wp-json\/wp\/v2\/pages\/460\/revisions"}],"predecessor-version":[{"id":9507,"href":"https:\/\/erdelyitanfolyamok.ro\/ro\/wp-json\/wp\/v2\/pages\/460\/revisions\/9507"}],"wp:attachment":[{"href":"https:\/\/erdelyitanfolyamok.ro\/ro\/wp-json\/wp\/v2\/media?parent=460"}],"curies":[{"name":"wp","href":"https:\/\/api.w.org\/{rel}","templated":true}]}}